{"id":96771,"date":"2017-07-02T14:04:23","date_gmt":"2017-07-02T14:04:23","guid":{"rendered":"http:\/\/www.ceramictiles.com\/srbija\/product\/maroussia\/"},"modified":"2026-01-05T00:00:16","modified_gmt":"2026-01-05T00:00:16","slug":"maroussia","status":"publish","type":"product","link":"https:\/\/www.keramika.com\/srbija\/maroussia\/","title":{"rendered":"Maroussia"},"content":{"rendered":"<p>Maroussia dolazi iz \u0160panije, koja je poznata po vrlo visokoj kvaliteta keramike u svetu. Maroussia je dostupna po vrlo povoljnim cenama 2712,5 RSD. Plo\u010dica je debela mm, \u0161to je ubraja u tvrde plo\u010dice. Plo\u010dica na sliki je 60&#215;60 cm. Keramika je prekrasne braon boje. U koliko \u017eelite neku drugu boju, pozovite nas i mi \u0107emo proveriti kod proizvo\u0111a\u010da.<\/p>\n<p>Kliknite na ime serije za sve plo\u010dice u toj seriji: <a class=\"pdfcatal\" href=\"\/\/www.ceramictiles.com\/pdf\/cicogres\/catalogue_cicogres_maroussia.pdf\" onclick=\"recordOutboundLink(this, 'E-mail', 'Description PDF');return false;\">Cicogres Maroussia<\/a><\/p>\n<p>Da bi naru\u010dili model iz PDF kataloga ove serije, molimo vas, da nas kontaktirate na: <a href=\"mailto:zo_mi@ceramictiles.com\" onclick=\"recordOutboundLink(this, 'E-mail', 'Description mail');return false;\">zo_mi@ceramictiles.com<\/a> ili nas pozovite na: For exact offer, PLS send us quantity and product you need with delivery address..<\/p>\n","protected":false},"excerpt":{"rendered":"<p>Maroussia dolazi iz \u0160panije, koja je poznata po vrlo visokoj kvaliteta keramike u svetu. Maroussia je dostupna po vrlo povoljnim cenama 2712,5 RSD. Plo\u010dica je debela mm, \u0161to je ubraja u tvrde plo\u010dice. Plo\u010dica na sliki je 60&#215;60 cm. Keramika je prekrasne braon boje. U koliko \u017eelite neku drugu boju, pozovite nas i mi \u0107emo [&hellip;]<\/p>\n","protected":false},"featured_media":96772,"template":"","meta":[],"product_cat":[999964,200,999],"product_tag":[],"_links":{"self":[{"href":"https:\/\/www.keramika.com\/srbija\/wp-json\/wp\/v2\/product\/96771"}],"collection":[{"href":"https:\/\/www.keramika.com\/srbija\/wp-json\/wp\/v2\/product"}],"about":[{"href":"https:\/\/www.keramika.com\/srbija\/wp-json\/wp\/v2\/types\/product"}],"wp:featuredmedia":[{"embeddable":true,"href":"https:\/\/www.keramika.com\/srbija\/wp-json\/wp\/v2\/media\/96772"}],"wp:attachment":[{"href":"https:\/\/www.keramika.com\/srbija\/wp-json\/wp\/v2\/media?parent=96771"}],"wp:term":[{"taxonomy":"product_cat","embeddable":true,"href":"https:\/\/www.keramika.com\/srbija\/wp-json\/wp\/v2\/product_cat?post=96771"},{"taxonomy":"product_tag","embeddable":true,"href":"https:\/\/www.keramika.com\/srbija\/wp-json\/wp\/v2\/product_tag?post=96771"}],"curies":[{"name":"wp","href":"https:\/\/api.w.org\/{rel}","templated":true}]}}