{"id":96757,"date":"2017-07-02T14:02:02","date_gmt":"2017-07-02T14:02:02","guid":{"rendered":"http:\/\/www.ceramictiles.com\/srbija\/product\/katia-roble\/"},"modified":"2026-01-05T00:00:15","modified_gmt":"2026-01-05T00:00:15","slug":"katia-roble","status":"publish","type":"product","link":"https:\/\/www.keramika.com\/srbija\/katia-roble\/","title":{"rendered":"Katia Roble"},"content":{"rendered":"<p>Ta kolekcija, model plo\u010dice, se prodaje najvi\u0161e braon boje. Katia Roble je proizvod iz \u0160panije te je izuzetno kvalitetna. Plo\u010dica 45&#215;45 cm je dobra za ve\u0107 razli\u010ditih namena. mm debljina \u0107e zadovoljiti i najzahtevnije kupce. 2265 RSD je redovna prodajna cena keramike, tu pa samo 1812,5 RSD.<\/p>\n<p>Kliknite na ime serije za sve plo\u010dice u toj seriji: <a class=\"pdfcatal\" href=\"\/\/www.ceramictiles.com\/pdf\/cicogres\/catalogue_cicogres_katia.pdf\" onclick=\"recordOutboundLink(this, 'E-mail', 'Description PDF');return false;\">Cicogres Katia<\/a><\/p>\n<p>Da bi naru\u010dili model iz PDF kataloga ove serije, molimo vas, da nas kontaktirate na: <a href=\"mailto:zo_mi@ceramictiles.com\" onclick=\"recordOutboundLink(this, 'E-mail', 'Description mail');return false;\">zo_mi@ceramictiles.com<\/a> ili nas pozovite na: For exact offer, PLS send us quantity and product you need with delivery address..<\/p>\n","protected":false},"excerpt":{"rendered":"<p>Ta kolekcija, model plo\u010dice, se prodaje najvi\u0161e braon boje. Katia Roble je proizvod iz \u0160panije te je izuzetno kvalitetna. Plo\u010dica 45&#215;45 cm je dobra za ve\u0107 razli\u010ditih namena. mm debljina \u0107e zadovoljiti i najzahtevnije kupce. 2265 RSD je redovna prodajna cena keramike, tu pa samo 1812,5 RSD. Kliknite na ime serije za sve plo\u010dice u [&hellip;]<\/p>\n","protected":false},"featured_media":96758,"template":"","meta":[],"product_cat":[999964,200,999],"product_tag":[],"_links":{"self":[{"href":"https:\/\/www.keramika.com\/srbija\/wp-json\/wp\/v2\/product\/96757"}],"collection":[{"href":"https:\/\/www.keramika.com\/srbija\/wp-json\/wp\/v2\/product"}],"about":[{"href":"https:\/\/www.keramika.com\/srbija\/wp-json\/wp\/v2\/types\/product"}],"wp:featuredmedia":[{"embeddable":true,"href":"https:\/\/www.keramika.com\/srbija\/wp-json\/wp\/v2\/media\/96758"}],"wp:attachment":[{"href":"https:\/\/www.keramika.com\/srbija\/wp-json\/wp\/v2\/media?parent=96757"}],"wp:term":[{"taxonomy":"product_cat","embeddable":true,"href":"https:\/\/www.keramika.com\/srbija\/wp-json\/wp\/v2\/product_cat?post=96757"},{"taxonomy":"product_tag","embeddable":true,"href":"https:\/\/www.keramika.com\/srbija\/wp-json\/wp\/v2\/product_tag?post=96757"}],"curies":[{"name":"wp","href":"https:\/\/api.w.org\/{rel}","templated":true}]}}