{"id":96753,"date":"2017-07-02T14:01:22","date_gmt":"2017-07-02T14:01:22","guid":{"rendered":"http:\/\/www.ceramictiles.com\/srbija\/product\/jaipur-beige\/"},"modified":"2026-01-05T00:00:15","modified_gmt":"2026-01-05T00:00:15","slug":"jaipur-beige","status":"publish","type":"product","link":"https:\/\/www.keramika.com\/srbija\/jaipur-beige\/","title":{"rendered":"Jaipur Beige"},"content":{"rendered":"<p>Plo\u010dica na sliki je 45&#215;45 cm. Ta kolekcija, model plo\u010dice, se prodaje najvi\u0161e be\u017e boje. mm debljina \u0107e zadovoljiti i najzahtevnije kupce. Jaipur Beige je proizvod iz \u0160panije te je izuzetno kvalitetna. 2265 RSD je redovna prodajna cena keramike, tu pa samo 1812,5 RSD.<\/p>\n<p>Kliknite na ime serije za sve plo\u010dice u toj seriji: <a class=\"pdfcatal\" href=\"\/\/www.ceramictiles.com\/pdf\/cicogres\/catalogue_cicogres_jaipur.pdf\" onclick=\"recordOutboundLink(this, 'E-mail', 'Description PDF');return false;\">Cicogres Jaipur<\/a><\/p>\n<p>Da bi naru\u010dili model iz PDF kataloga ove serije, molimo vas, da nas kontaktirate na: <a href=\"mailto:zo_mi@ceramictiles.com\" onclick=\"recordOutboundLink(this, 'E-mail', 'Description mail');return false;\">zo_mi@ceramictiles.com<\/a> ili nas pozovite na: For exact offer, PLS send us quantity and product you need with delivery address..<\/p>\n","protected":false},"excerpt":{"rendered":"<p>Plo\u010dica na sliki je 45&#215;45 cm. Ta kolekcija, model plo\u010dice, se prodaje najvi\u0161e be\u017e boje. mm debljina \u0107e zadovoljiti i najzahtevnije kupce. Jaipur Beige je proizvod iz \u0160panije te je izuzetno kvalitetna. 2265 RSD je redovna prodajna cena keramike, tu pa samo 1812,5 RSD. Kliknite na ime serije za sve plo\u010dice u toj seriji: Cicogres [&hellip;]<\/p>\n","protected":false},"featured_media":96754,"template":"","meta":[],"product_cat":[999964,999],"product_tag":[],"_links":{"self":[{"href":"https:\/\/www.keramika.com\/srbija\/wp-json\/wp\/v2\/product\/96753"}],"collection":[{"href":"https:\/\/www.keramika.com\/srbija\/wp-json\/wp\/v2\/product"}],"about":[{"href":"https:\/\/www.keramika.com\/srbija\/wp-json\/wp\/v2\/types\/product"}],"wp:featuredmedia":[{"embeddable":true,"href":"https:\/\/www.keramika.com\/srbija\/wp-json\/wp\/v2\/media\/96754"}],"wp:attachment":[{"href":"https:\/\/www.keramika.com\/srbija\/wp-json\/wp\/v2\/media?parent=96753"}],"wp:term":[{"taxonomy":"product_cat","embeddable":true,"href":"https:\/\/www.keramika.com\/srbija\/wp-json\/wp\/v2\/product_cat?post=96753"},{"taxonomy":"product_tag","embeddable":true,"href":"https:\/\/www.keramika.com\/srbija\/wp-json\/wp\/v2\/product_tag?post=96753"}],"curies":[{"name":"wp","href":"https:\/\/api.w.org\/{rel}","templated":true}]}}