{"id":96751,"date":"2017-07-02T14:00:56","date_gmt":"2017-07-02T14:00:56","guid":{"rendered":"http:\/\/www.ceramictiles.com\/srbija\/product\/istria-blanco\/"},"modified":"2026-01-05T00:00:15","modified_gmt":"2026-01-05T00:00:15","slug":"istria-blanco","status":"publish","type":"product","link":"https:\/\/www.keramika.com\/srbija\/istria-blanco\/","title":{"rendered":"Istria Blanco"},"content":{"rendered":"<p>Istria Blanco je proizvod iz \u0160panije te je izuzetno kvalitetna. mm debljine je dovoljno za zahtevnije kupce. U izboru plo\u010dica bele boje, ne mo\u017eete pogre\u0161iti. Redovna cena, ovih plo\u010dica u maloprodaji je 3390 RSD. U na\u0161oj online trgovini, je mo\u017eete kupiti za 2712,5 RSD. Plo\u010dica 60&#215;60 cm je dobra za ve\u0107 razli\u010ditih namena.<\/p>\n<p>Kliknite na ime serije za sve plo\u010dice u toj seriji: <a class=\"pdfcatal\" href=\"\/\/www.ceramictiles.com\/pdf\/cicogres\/catalogue_cicogres_istria.pdf\" onclick=\"recordOutboundLink(this, 'E-mail', 'Description PDF');return false;\">Cicogres Istria<\/a><\/p>\n<p>Da bi naru\u010dili model iz PDF kataloga ove serije, molimo vas, da nas kontaktirate na: <a href=\"mailto:zo_mi@ceramictiles.com\" onclick=\"recordOutboundLink(this, 'E-mail', 'Description mail');return false;\">zo_mi@ceramictiles.com<\/a> ili nas pozovite na: For exact offer, PLS send us quantity and product you need with delivery address..<\/p>\n","protected":false},"excerpt":{"rendered":"<p>Istria Blanco je proizvod iz \u0160panije te je izuzetno kvalitetna. mm debljine je dovoljno za zahtevnije kupce. U izboru plo\u010dica bele boje, ne mo\u017eete pogre\u0161iti. Redovna cena, ovih plo\u010dica u maloprodaji je 3390 RSD. U na\u0161oj online trgovini, je mo\u017eete kupiti za 2712,5 RSD. Plo\u010dica 60&#215;60 cm je dobra za ve\u0107 razli\u010ditih namena. Kliknite na [&hellip;]<\/p>\n","protected":false},"featured_media":96752,"template":"","meta":[],"product_cat":[999964,999],"product_tag":[],"_links":{"self":[{"href":"https:\/\/www.keramika.com\/srbija\/wp-json\/wp\/v2\/product\/96751"}],"collection":[{"href":"https:\/\/www.keramika.com\/srbija\/wp-json\/wp\/v2\/product"}],"about":[{"href":"https:\/\/www.keramika.com\/srbija\/wp-json\/wp\/v2\/types\/product"}],"wp:featuredmedia":[{"embeddable":true,"href":"https:\/\/www.keramika.com\/srbija\/wp-json\/wp\/v2\/media\/96752"}],"wp:attachment":[{"href":"https:\/\/www.keramika.com\/srbija\/wp-json\/wp\/v2\/media?parent=96751"}],"wp:term":[{"taxonomy":"product_cat","embeddable":true,"href":"https:\/\/www.keramika.com\/srbija\/wp-json\/wp\/v2\/product_cat?post=96751"},{"taxonomy":"product_tag","embeddable":true,"href":"https:\/\/www.keramika.com\/srbija\/wp-json\/wp\/v2\/product_tag?post=96751"}],"curies":[{"name":"wp","href":"https:\/\/api.w.org\/{rel}","templated":true}]}}