{"id":96747,"date":"2017-07-02T14:00:13","date_gmt":"2017-07-02T14:00:13","guid":{"rendered":"http:\/\/www.ceramictiles.com\/srbija\/product\/isole-perla\/"},"modified":"2026-01-05T00:00:14","modified_gmt":"2026-01-05T00:00:14","slug":"isole-perla","status":"publish","type":"product","link":"https:\/\/www.keramika.com\/srbija\/isole-perla\/","title":{"rendered":"Isole Perla"},"content":{"rendered":"<p>U maloprodaji bi morali za tu plo\u010dicu platiti 2827,5 RSD, online cena je samo 2262,5 RSD. Veli\u010dina plo\u010dice je 60&#215;30 cm i odli\u010dna je za razli\u010dite povr\u0161ine. Ta kolekcija, model plo\u010dice, se prodaje najvi\u0161e bele boje. Isole Perla dolazi iz \u0160panije, koja je poznata po vrlo visokoj kvaliteta keramike u svetu. Debljina plo\u010dice, je vrlo va\u017ena mm i ubraja tu plo\u010dicu me\u0111u najkvalitetnije.<\/p>\n<p>Kliknite na ime serije za sve plo\u010dice u toj seriji: <a class=\"pdfcatal\" href=\"\/\/www.ceramictiles.com\/pdf\/cicogres\/catalogue_cicogres_isole.pdf\" onclick=\"recordOutboundLink(this, 'E-mail', 'Description PDF');return false;\">Cicogres Isole<\/a><\/p>\n<p>Da bi naru\u010dili model iz PDF kataloga ove serije, molimo vas, da nas kontaktirate na: <a href=\"mailto:zo_mi@ceramictiles.com\" onclick=\"recordOutboundLink(this, 'E-mail', 'Description mail');return false;\">zo_mi@ceramictiles.com<\/a> ili nas pozovite na: For exact offer, PLS send us quantity and product you need with delivery address..<\/p>\n","protected":false},"excerpt":{"rendered":"<p>U maloprodaji bi morali za tu plo\u010dicu platiti 2827,5 RSD, online cena je samo 2262,5 RSD. Veli\u010dina plo\u010dice je 60&#215;30 cm i odli\u010dna je za razli\u010dite povr\u0161ine. Ta kolekcija, model plo\u010dice, se prodaje najvi\u0161e bele boje. Isole Perla dolazi iz \u0160panije, koja je poznata po vrlo visokoj kvaliteta keramike u svetu. Debljina plo\u010dice, je vrlo [&hellip;]<\/p>\n","protected":false},"featured_media":96748,"template":"","meta":[],"product_cat":[999964,999],"product_tag":[],"_links":{"self":[{"href":"https:\/\/www.keramika.com\/srbija\/wp-json\/wp\/v2\/product\/96747"}],"collection":[{"href":"https:\/\/www.keramika.com\/srbija\/wp-json\/wp\/v2\/product"}],"about":[{"href":"https:\/\/www.keramika.com\/srbija\/wp-json\/wp\/v2\/types\/product"}],"wp:featuredmedia":[{"embeddable":true,"href":"https:\/\/www.keramika.com\/srbija\/wp-json\/wp\/v2\/media\/96748"}],"wp:attachment":[{"href":"https:\/\/www.keramika.com\/srbija\/wp-json\/wp\/v2\/media?parent=96747"}],"wp:term":[{"taxonomy":"product_cat","embeddable":true,"href":"https:\/\/www.keramika.com\/srbija\/wp-json\/wp\/v2\/product_cat?post=96747"},{"taxonomy":"product_tag","embeddable":true,"href":"https:\/\/www.keramika.com\/srbija\/wp-json\/wp\/v2\/product_tag?post=96747"}],"curies":[{"name":"wp","href":"https:\/\/api.w.org\/{rel}","templated":true}]}}