{"id":96741,"date":"2017-07-02T13:59:17","date_gmt":"2017-07-02T13:59:17","guid":{"rendered":"http:\/\/www.ceramictiles.com\/srbija\/product\/hampton\/"},"modified":"2026-01-05T00:00:14","modified_gmt":"2026-01-05T00:00:14","slug":"hampton","status":"publish","type":"product","link":"https:\/\/www.keramika.com\/srbija\/hampton\/","title":{"rendered":"Hampton"},"content":{"rendered":"<p>Hampton dolazi iz \u0160panije, koja je poznata po vrlo visokoj kvaliteta keramike u svetu. Umesto 3672,5 RSD \u0161to je redovna maloprodajna cena keramike, u na\u0161oj online prodavnici, je mo\u017eete dobiti za samo 2937,5 RSD. Ove sive kerami\u010dke plo\u010dice, obogatit \u0107e svaki prostor. mm debljine je dovoljno za zahtevnije kupce. Veli\u010dina plo\u010dice je 60&#215;60 cm i odli\u010dna je za razli\u010dite povr\u0161ine.<\/p>\n<p>Kliknite na ime serije za sve plo\u010dice u toj seriji: <a class=\"pdfcatal\" href=\"\/\/www.ceramictiles.com\/pdf\/cicogres\/catalogue_cicogres_hampton.pdf\" onclick=\"recordOutboundLink(this, 'E-mail', 'Description PDF');return false;\">Cicogres Hampton<\/a><\/p>\n<p>Da bi naru\u010dili model iz PDF kataloga ove serije, molimo vas, da nas kontaktirate na: <a href=\"mailto:zo_mi@ceramictiles.com\" onclick=\"recordOutboundLink(this, 'E-mail', 'Description mail');return false;\">zo_mi@ceramictiles.com<\/a> ili nas pozovite na: For exact offer, PLS send us quantity and product you need with delivery address..<\/p>\n","protected":false},"excerpt":{"rendered":"<p>Hampton dolazi iz \u0160panije, koja je poznata po vrlo visokoj kvaliteta keramike u svetu. Umesto 3672,5 RSD \u0161to je redovna maloprodajna cena keramike, u na\u0161oj online prodavnici, je mo\u017eete dobiti za samo 2937,5 RSD. Ove sive kerami\u010dke plo\u010dice, obogatit \u0107e svaki prostor. mm debljine je dovoljno za zahtevnije kupce. Veli\u010dina plo\u010dice je 60&#215;60 cm i [&hellip;]<\/p>\n","protected":false},"featured_media":96742,"template":"","meta":[],"product_cat":[999964,999],"product_tag":[],"_links":{"self":[{"href":"https:\/\/www.keramika.com\/srbija\/wp-json\/wp\/v2\/product\/96741"}],"collection":[{"href":"https:\/\/www.keramika.com\/srbija\/wp-json\/wp\/v2\/product"}],"about":[{"href":"https:\/\/www.keramika.com\/srbija\/wp-json\/wp\/v2\/types\/product"}],"wp:featuredmedia":[{"embeddable":true,"href":"https:\/\/www.keramika.com\/srbija\/wp-json\/wp\/v2\/media\/96742"}],"wp:attachment":[{"href":"https:\/\/www.keramika.com\/srbija\/wp-json\/wp\/v2\/media?parent=96741"}],"wp:term":[{"taxonomy":"product_cat","embeddable":true,"href":"https:\/\/www.keramika.com\/srbija\/wp-json\/wp\/v2\/product_cat?post=96741"},{"taxonomy":"product_tag","embeddable":true,"href":"https:\/\/www.keramika.com\/srbija\/wp-json\/wp\/v2\/product_tag?post=96741"}],"curies":[{"name":"wp","href":"https:\/\/api.w.org\/{rel}","templated":true}]}}