{"id":96729,"date":"2017-07-02T13:57:21","date_gmt":"2017-07-02T13:57:21","guid":{"rendered":"http:\/\/www.ceramictiles.com\/srbija\/product\/fame-gris\/"},"modified":"2026-01-05T00:00:13","modified_gmt":"2026-01-05T00:00:13","slug":"fame-gris","status":"publish","type":"product","link":"https:\/\/www.keramika.com\/srbija\/fame-gris\/","title":{"rendered":"Fame Gris"},"content":{"rendered":"<p>Ova plo\u010dica je debela mm i zato je izuzetno izdr\u017eljiva. plo\u010dica proizvo\u0111a\u010da Cicogres iz \u0160panije. Plo\u010dice sive boje osvje\u017eit \u0107e svaki prostor. Redovna cena, ovih plo\u010dica u maloprodaji je 2547,5 RSD. U na\u0161oj online trgovini, je mo\u017eete kupiti za 2037,5 RSD. Veli\u010dina plo\u010dice je 45&#215;45 cm i odli\u010dna je za razli\u010dite povr\u0161ine.<\/p>\n<p>Kliknite na ime serije za sve plo\u010dice u toj seriji: <a class=\"pdfcatal\" href=\"\/\/www.ceramictiles.com\/pdf\/cicogres\/catalogue_cicogres_fame.pdf\" onclick=\"recordOutboundLink(this, 'E-mail', 'Description PDF');return false;\">Cicogres Fame<\/a><\/p>\n<p>Da bi naru\u010dili model iz PDF kataloga ove serije, molimo vas, da nas kontaktirate na: <a href=\"mailto:zo_mi@ceramictiles.com\" onclick=\"recordOutboundLink(this, 'E-mail', 'Description mail');return false;\">zo_mi@ceramictiles.com<\/a> ili nas pozovite na: For exact offer, PLS send us quantity and product you need with delivery address..<\/p>\n","protected":false},"excerpt":{"rendered":"<p>Ova plo\u010dica je debela mm i zato je izuzetno izdr\u017eljiva. plo\u010dica proizvo\u0111a\u010da Cicogres iz \u0160panije. Plo\u010dice sive boje osvje\u017eit \u0107e svaki prostor. Redovna cena, ovih plo\u010dica u maloprodaji je 2547,5 RSD. U na\u0161oj online trgovini, je mo\u017eete kupiti za 2037,5 RSD. Veli\u010dina plo\u010dice je 45&#215;45 cm i odli\u010dna je za razli\u010dite povr\u0161ine. Kliknite na ime [&hellip;]<\/p>\n","protected":false},"featured_media":96730,"template":"","meta":[],"product_cat":[999964,999],"product_tag":[],"_links":{"self":[{"href":"https:\/\/www.keramika.com\/srbija\/wp-json\/wp\/v2\/product\/96729"}],"collection":[{"href":"https:\/\/www.keramika.com\/srbija\/wp-json\/wp\/v2\/product"}],"about":[{"href":"https:\/\/www.keramika.com\/srbija\/wp-json\/wp\/v2\/types\/product"}],"wp:featuredmedia":[{"embeddable":true,"href":"https:\/\/www.keramika.com\/srbija\/wp-json\/wp\/v2\/media\/96730"}],"wp:attachment":[{"href":"https:\/\/www.keramika.com\/srbija\/wp-json\/wp\/v2\/media?parent=96729"}],"wp:term":[{"taxonomy":"product_cat","embeddable":true,"href":"https:\/\/www.keramika.com\/srbija\/wp-json\/wp\/v2\/product_cat?post=96729"},{"taxonomy":"product_tag","embeddable":true,"href":"https:\/\/www.keramika.com\/srbija\/wp-json\/wp\/v2\/product_tag?post=96729"}],"curies":[{"name":"wp","href":"https:\/\/api.w.org\/{rel}","templated":true}]}}