{"id":96723,"date":"2017-07-02T13:56:23","date_gmt":"2017-07-02T13:56:23","guid":{"rendered":"http:\/\/www.ceramictiles.com\/srbija\/product\/emotion-blanco\/"},"modified":"2026-01-05T00:00:13","modified_gmt":"2026-01-05T00:00:13","slug":"emotion-blanco","status":"publish","type":"product","link":"https:\/\/www.keramika.com\/srbija\/emotion-blanco\/","title":{"rendered":"Emotion Blanco"},"content":{"rendered":"<p>Ova plo\u010dica je debela mm i zato je izuzetno izdr\u017eljiva. Emotion Blanco dolazi iz \u0160panije, koja je poznata po vrlo visokoj kvaliteta keramike u svetu. 2265 RSD je redovna prodajna cena keramike, tu pa samo 1812,5 RSD. Izuzetno moderne plo\u010dice bele boje, osve\u017eit \u0107e svaki prostor. \u0160irina i du\u017eina plo\u010dice su 50&#215;20 cm.<\/p>\n<p>Kliknite na ime serije za sve plo\u010dice u toj seriji: <a class=\"pdfcatal\" href=\"\/\/www.ceramictiles.com\/pdf\/cicogres\/catalogue_cicogres_emotion.pdf\" onclick=\"recordOutboundLink(this, 'E-mail', 'Description PDF');return false;\">Cicogres Emotion<\/a><\/p>\n<p>Da bi naru\u010dili model iz PDF kataloga ove serije, molimo vas, da nas kontaktirate na: <a href=\"mailto:zo_mi@ceramictiles.com\" onclick=\"recordOutboundLink(this, 'E-mail', 'Description mail');return false;\">zo_mi@ceramictiles.com<\/a> ili nas pozovite na: For exact offer, PLS send us quantity and product you need with delivery address..<\/p>\n","protected":false},"excerpt":{"rendered":"<p>Ova plo\u010dica je debela mm i zato je izuzetno izdr\u017eljiva. Emotion Blanco dolazi iz \u0160panije, koja je poznata po vrlo visokoj kvaliteta keramike u svetu. 2265 RSD je redovna prodajna cena keramike, tu pa samo 1812,5 RSD. Izuzetno moderne plo\u010dice bele boje, osve\u017eit \u0107e svaki prostor. \u0160irina i du\u017eina plo\u010dice su 50&#215;20 cm. Kliknite na [&hellip;]<\/p>\n","protected":false},"featured_media":96724,"template":"","meta":[],"product_cat":[999964,999],"product_tag":[],"_links":{"self":[{"href":"https:\/\/www.keramika.com\/srbija\/wp-json\/wp\/v2\/product\/96723"}],"collection":[{"href":"https:\/\/www.keramika.com\/srbija\/wp-json\/wp\/v2\/product"}],"about":[{"href":"https:\/\/www.keramika.com\/srbija\/wp-json\/wp\/v2\/types\/product"}],"wp:featuredmedia":[{"embeddable":true,"href":"https:\/\/www.keramika.com\/srbija\/wp-json\/wp\/v2\/media\/96724"}],"wp:attachment":[{"href":"https:\/\/www.keramika.com\/srbija\/wp-json\/wp\/v2\/media?parent=96723"}],"wp:term":[{"taxonomy":"product_cat","embeddable":true,"href":"https:\/\/www.keramika.com\/srbija\/wp-json\/wp\/v2\/product_cat?post=96723"},{"taxonomy":"product_tag","embeddable":true,"href":"https:\/\/www.keramika.com\/srbija\/wp-json\/wp\/v2\/product_tag?post=96723"}],"curies":[{"name":"wp","href":"https:\/\/api.w.org\/{rel}","templated":true}]}}