{"id":96713,"date":"2017-07-02T13:54:41","date_gmt":"2017-07-02T13:54:41","guid":{"rendered":"http:\/\/www.ceramictiles.com\/srbija\/product\/concept-perla\/"},"modified":"2026-01-05T00:00:12","modified_gmt":"2026-01-05T00:00:12","slug":"concept-perla","status":"publish","type":"product","link":"https:\/\/www.keramika.com\/srbija\/concept-perla\/","title":{"rendered":"Concept Perla"},"content":{"rendered":"<p>Plo\u010dica je debela mm, \u0161to je ubraja u tvrde plo\u010dice. U izboru plo\u010dica sive boje, ne mo\u017eete pogre\u0161iti. Zbog ni\u017eih tro\u0161kova, online prodaje, Vi \u0107e te na na\u0161oj strani ove plo\u010de platiti samo 2412,5 RSD. Veli\u010dina 60&#215;60 cm je odli\u010dna za sve podloge. plo\u010dica proizvo\u0111a\u010da Cicogres iz \u0160panije.<\/p>\n<p>Kliknite na ime serije za sve plo\u010dice u toj seriji: <a class=\"pdfcatal\" href=\"\/\/www.ceramictiles.com\/pdf\/cicogres\/catalogue_cicogres_concept.pdf\" onclick=\"recordOutboundLink(this, 'E-mail', 'Description PDF');return false;\">Cicogres Concept<\/a><\/p>\n<p>Da bi naru\u010dili model iz PDF kataloga ove serije, molimo vas, da nas kontaktirate na: <a href=\"mailto:zo_mi@ceramictiles.com\" onclick=\"recordOutboundLink(this, 'E-mail', 'Description mail');return false;\">zo_mi@ceramictiles.com<\/a> ili nas pozovite na: For exact offer, PLS send us quantity and product you need with delivery address..<\/p>\n","protected":false},"excerpt":{"rendered":"<p>Plo\u010dica je debela mm, \u0161to je ubraja u tvrde plo\u010dice. U izboru plo\u010dica sive boje, ne mo\u017eete pogre\u0161iti. Zbog ni\u017eih tro\u0161kova, online prodaje, Vi \u0107e te na na\u0161oj strani ove plo\u010de platiti samo 2412,5 RSD. Veli\u010dina 60&#215;60 cm je odli\u010dna za sve podloge. plo\u010dica proizvo\u0111a\u010da Cicogres iz \u0160panije. Kliknite na ime serije za sve plo\u010dice [&hellip;]<\/p>\n","protected":false},"featured_media":96714,"template":"","meta":[],"product_cat":[999964,999],"product_tag":[],"_links":{"self":[{"href":"https:\/\/www.keramika.com\/srbija\/wp-json\/wp\/v2\/product\/96713"}],"collection":[{"href":"https:\/\/www.keramika.com\/srbija\/wp-json\/wp\/v2\/product"}],"about":[{"href":"https:\/\/www.keramika.com\/srbija\/wp-json\/wp\/v2\/types\/product"}],"wp:featuredmedia":[{"embeddable":true,"href":"https:\/\/www.keramika.com\/srbija\/wp-json\/wp\/v2\/media\/96714"}],"wp:attachment":[{"href":"https:\/\/www.keramika.com\/srbija\/wp-json\/wp\/v2\/media?parent=96713"}],"wp:term":[{"taxonomy":"product_cat","embeddable":true,"href":"https:\/\/www.keramika.com\/srbija\/wp-json\/wp\/v2\/product_cat?post=96713"},{"taxonomy":"product_tag","embeddable":true,"href":"https:\/\/www.keramika.com\/srbija\/wp-json\/wp\/v2\/product_tag?post=96713"}],"curies":[{"name":"wp","href":"https:\/\/api.w.org\/{rel}","templated":true}]}}