{"id":96711,"date":"2017-07-02T13:54:22","date_gmt":"2017-07-02T13:54:22","guid":{"rendered":"http:\/\/www.ceramictiles.com\/srbija\/product\/colonial\/"},"modified":"2026-01-05T00:00:12","modified_gmt":"2026-01-05T00:00:12","slug":"colonial","status":"publish","type":"product","link":"https:\/\/www.keramika.com\/srbija\/colonial\/","title":{"rendered":"Colonial"},"content":{"rendered":"<p>Ove plo\u010dice dolaze od proizvo\u0111a\u010da Cicogres, iz \u0160panije. Colonial je dostupna po vrlo povoljnim cenama 1812,5 RSD. Ta kolekcija, model plo\u010dice, se prodaje najvi\u0161e braon boje. \u0160irina i du\u017eina plo\u010dice su 45&#215;45 cm. Plo\u010dica je debela mm, \u0161to je ubraja u tvrde plo\u010dice.<\/p>\n<p>Kliknite na ime serije za sve plo\u010dice u toj seriji: <a class=\"pdfcatal\" href=\"\/\/www.ceramictiles.com\/pdf\/cicogres\/catalogue_cicogres_colonial.pdf\" onclick=\"recordOutboundLink(this, 'E-mail', 'Description PDF');return false;\">Cicogres Colonial<\/a><\/p>\n<p>Da bi naru\u010dili model iz PDF kataloga ove serije, molimo vas, da nas kontaktirate na: <a href=\"mailto:zo_mi@ceramictiles.com\" onclick=\"recordOutboundLink(this, 'E-mail', 'Description mail');return false;\">zo_mi@ceramictiles.com<\/a> ili nas pozovite na: For exact offer, PLS send us quantity and product you need with delivery address..<\/p>\n","protected":false},"excerpt":{"rendered":"<p>Ove plo\u010dice dolaze od proizvo\u0111a\u010da Cicogres, iz \u0160panije. Colonial je dostupna po vrlo povoljnim cenama 1812,5 RSD. Ta kolekcija, model plo\u010dice, se prodaje najvi\u0161e braon boje. \u0160irina i du\u017eina plo\u010dice su 45&#215;45 cm. Plo\u010dica je debela mm, \u0161to je ubraja u tvrde plo\u010dice. Kliknite na ime serije za sve plo\u010dice u toj seriji: Cicogres Colonial [&hellip;]<\/p>\n","protected":false},"featured_media":96712,"template":"","meta":[],"product_cat":[999964,999],"product_tag":[],"_links":{"self":[{"href":"https:\/\/www.keramika.com\/srbija\/wp-json\/wp\/v2\/product\/96711"}],"collection":[{"href":"https:\/\/www.keramika.com\/srbija\/wp-json\/wp\/v2\/product"}],"about":[{"href":"https:\/\/www.keramika.com\/srbija\/wp-json\/wp\/v2\/types\/product"}],"wp:featuredmedia":[{"embeddable":true,"href":"https:\/\/www.keramika.com\/srbija\/wp-json\/wp\/v2\/media\/96712"}],"wp:attachment":[{"href":"https:\/\/www.keramika.com\/srbija\/wp-json\/wp\/v2\/media?parent=96711"}],"wp:term":[{"taxonomy":"product_cat","embeddable":true,"href":"https:\/\/www.keramika.com\/srbija\/wp-json\/wp\/v2\/product_cat?post=96711"},{"taxonomy":"product_tag","embeddable":true,"href":"https:\/\/www.keramika.com\/srbija\/wp-json\/wp\/v2\/product_tag?post=96711"}],"curies":[{"name":"wp","href":"https:\/\/api.w.org\/{rel}","templated":true}]}}