{"id":96701,"date":"2017-07-02T13:52:52","date_gmt":"2017-07-02T13:52:52","guid":{"rendered":"http:\/\/www.ceramictiles.com\/srbija\/product\/blanco-brillo\/"},"modified":"2026-01-04T00:03:22","modified_gmt":"2026-01-04T00:03:22","slug":"blanco-brillo","status":"publish","type":"product","link":"https:\/\/www.keramika.com\/srbija\/blanco-brillo\/","title":{"rendered":"Blanco Brillo"},"content":{"rendered":"<p>Redovna cena, ovih plo\u010dica u maloprodaji je 2640 RSD. U na\u0161oj online trgovini, je mo\u017eete kupiti za 2112,5 RSD. Plo\u010dice bele boje, su letos izuzetno tre\u017eene. Plo\u010dice dolaze iz \u0160panije, koja je poznata po kvalitetnoj keramiki. mm debljine je dovoljno za zahtevnije kupce. Veli\u010dina 75&#215;25 cm je odli\u010dna za sve podloge.<\/p>\n<p>Kliknite na ime serije za sve plo\u010dice u toj seriji: <a class=\"pdfcatal\" href=\"\/\/www.ceramictiles.com\/pdf\/cicogres\/catalogue_cicogres_blanco.pdf\" onclick=\"recordOutboundLink(this, 'E-mail', 'Description PDF');return false;\">Cicogres Blanco<\/a><\/p>\n<p>Da bi naru\u010dili model iz PDF kataloga ove serije, molimo vas, da nas kontaktirate na: <a href=\"mailto:zo_mi@ceramictiles.com\" onclick=\"recordOutboundLink(this, 'E-mail', 'Description mail');return false;\">zo_mi@ceramictiles.com<\/a> ili nas pozovite na: For exact offer, PLS send us quantity and product you need with delivery address..<\/p>\n","protected":false},"excerpt":{"rendered":"<p>Redovna cena, ovih plo\u010dica u maloprodaji je 2640 RSD. U na\u0161oj online trgovini, je mo\u017eete kupiti za 2112,5 RSD. Plo\u010dice bele boje, su letos izuzetno tre\u017eene. Plo\u010dice dolaze iz \u0160panije, koja je poznata po kvalitetnoj keramiki. mm debljine je dovoljno za zahtevnije kupce. Veli\u010dina 75&#215;25 cm je odli\u010dna za sve podloge. Kliknite na ime serije [&hellip;]<\/p>\n","protected":false},"featured_media":96702,"template":"","meta":[],"product_cat":[999964,999],"product_tag":[],"_links":{"self":[{"href":"https:\/\/www.keramika.com\/srbija\/wp-json\/wp\/v2\/product\/96701"}],"collection":[{"href":"https:\/\/www.keramika.com\/srbija\/wp-json\/wp\/v2\/product"}],"about":[{"href":"https:\/\/www.keramika.com\/srbija\/wp-json\/wp\/v2\/types\/product"}],"wp:featuredmedia":[{"embeddable":true,"href":"https:\/\/www.keramika.com\/srbija\/wp-json\/wp\/v2\/media\/96702"}],"wp:attachment":[{"href":"https:\/\/www.keramika.com\/srbija\/wp-json\/wp\/v2\/media?parent=96701"}],"wp:term":[{"taxonomy":"product_cat","embeddable":true,"href":"https:\/\/www.keramika.com\/srbija\/wp-json\/wp\/v2\/product_cat?post=96701"},{"taxonomy":"product_tag","embeddable":true,"href":"https:\/\/www.keramika.com\/srbija\/wp-json\/wp\/v2\/product_tag?post=96701"}],"curies":[{"name":"wp","href":"https:\/\/api.w.org\/{rel}","templated":true}]}}