{"id":96697,"date":"2017-07-02T13:52:13","date_gmt":"2017-07-02T13:52:13","guid":{"rendered":"http:\/\/www.ceramictiles.com\/srbija\/product\/atenea\/"},"modified":"2026-01-04T00:03:21","modified_gmt":"2026-01-04T00:03:21","slug":"atenea","status":"publish","type":"product","link":"https:\/\/www.keramika.com\/srbija\/atenea\/","title":{"rendered":"Atenea"},"content":{"rendered":"<p>mm debljina \u0107e zadovoljiti i najzahtevnije kupce. Veli\u010dina ove plo\u010dice je 60&#215;60 cm. Ta kolekcija, model plo\u010dice, se prodaje najvi\u0161e be\u017e boje. Redovna cena, ovih plo\u010dica u maloprodaji je 2827,5 RSD. U na\u0161oj online trgovini, je mo\u017eete kupiti za 2262,5 RSD. plo\u010dica proizvo\u0111a\u010da Cicogres iz \u0160panije.<\/p>\n<p>Kliknite na ime serije za sve plo\u010dice u toj seriji: <a class=\"pdfcatal\" href=\"\/\/www.ceramictiles.com\/pdf\/cicogres\/catalogue_cicogres_atenea.pdf\" onclick=\"recordOutboundLink(this, 'E-mail', 'Description PDF');return false;\">Cicogres Atenea<\/a><\/p>\n<p>Da bi naru\u010dili model iz PDF kataloga ove serije, molimo vas, da nas kontaktirate na: <a href=\"mailto:zo_mi@ceramictiles.com\" onclick=\"recordOutboundLink(this, 'E-mail', 'Description mail');return false;\">zo_mi@ceramictiles.com<\/a> ili nas pozovite na: For exact offer, PLS send us quantity and product you need with delivery address..<\/p>\n","protected":false},"excerpt":{"rendered":"<p>mm debljina \u0107e zadovoljiti i najzahtevnije kupce. Veli\u010dina ove plo\u010dice je 60&#215;60 cm. Ta kolekcija, model plo\u010dice, se prodaje najvi\u0161e be\u017e boje. Redovna cena, ovih plo\u010dica u maloprodaji je 2827,5 RSD. U na\u0161oj online trgovini, je mo\u017eete kupiti za 2262,5 RSD. plo\u010dica proizvo\u0111a\u010da Cicogres iz \u0160panije. Kliknite na ime serije za sve plo\u010dice u toj [&hellip;]<\/p>\n","protected":false},"featured_media":96698,"template":"","meta":[],"product_cat":[999964,999],"product_tag":[],"_links":{"self":[{"href":"https:\/\/www.keramika.com\/srbija\/wp-json\/wp\/v2\/product\/96697"}],"collection":[{"href":"https:\/\/www.keramika.com\/srbija\/wp-json\/wp\/v2\/product"}],"about":[{"href":"https:\/\/www.keramika.com\/srbija\/wp-json\/wp\/v2\/types\/product"}],"wp:featuredmedia":[{"embeddable":true,"href":"https:\/\/www.keramika.com\/srbija\/wp-json\/wp\/v2\/media\/96698"}],"wp:attachment":[{"href":"https:\/\/www.keramika.com\/srbija\/wp-json\/wp\/v2\/media?parent=96697"}],"wp:term":[{"taxonomy":"product_cat","embeddable":true,"href":"https:\/\/www.keramika.com\/srbija\/wp-json\/wp\/v2\/product_cat?post=96697"},{"taxonomy":"product_tag","embeddable":true,"href":"https:\/\/www.keramika.com\/srbija\/wp-json\/wp\/v2\/product_tag?post=96697"}],"curies":[{"name":"wp","href":"https:\/\/api.w.org\/{rel}","templated":true}]}}