{"id":96695,"date":"2017-07-02T13:51:51","date_gmt":"2017-07-02T13:51:51","guid":{"rendered":"http:\/\/www.ceramictiles.com\/srbija\/product\/arles-cuero\/"},"modified":"2026-01-04T00:03:21","modified_gmt":"2026-01-04T00:03:21","slug":"arles-cuero","status":"publish","type":"product","link":"https:\/\/www.keramika.com\/srbija\/arles-cuero\/","title":{"rendered":"Arles Cuero"},"content":{"rendered":"<p>U izboru plo\u010dica braon boje, ne mo\u017eete pogre\u0161iti. Umesto 2265 RSD \u0161to je redovna maloprodajna cena keramike, u na\u0161oj online prodavnici, je mo\u017eete dobiti za samo 1812,5 RSD. Plo\u010dica 45&#215;45 cm je dobra za ve\u0107 razli\u010ditih namena. Debljina plo\u010dice, je vrlo va\u017ena mm i ubraja tu plo\u010dicu me\u0111u najkvalitetnije. Ove plo\u010dice dolaze od proizvo\u0111a\u010da Cicogres, iz \u0160panije.<\/p>\n<p>Kliknite na ime serije za sve plo\u010dice u toj seriji: <a class=\"pdfcatal\" href=\"\/\/www.ceramictiles.com\/pdf\/cicogres\/catalogue_cicogres_arles.pdf\" onclick=\"recordOutboundLink(this, 'E-mail', 'Description PDF');return false;\">Cicogres Arles<\/a><\/p>\n<p>Da bi naru\u010dili model iz PDF kataloga ove serije, molimo vas, da nas kontaktirate na: <a href=\"mailto:zo_mi@ceramictiles.com\" onclick=\"recordOutboundLink(this, 'E-mail', 'Description mail');return false;\">zo_mi@ceramictiles.com<\/a> ili nas pozovite na: For exact offer, PLS send us quantity and product you need with delivery address..<\/p>\n","protected":false},"excerpt":{"rendered":"<p>U izboru plo\u010dica braon boje, ne mo\u017eete pogre\u0161iti. Umesto 2265 RSD \u0161to je redovna maloprodajna cena keramike, u na\u0161oj online prodavnici, je mo\u017eete dobiti za samo 1812,5 RSD. Plo\u010dica 45&#215;45 cm je dobra za ve\u0107 razli\u010ditih namena. Debljina plo\u010dice, je vrlo va\u017ena mm i ubraja tu plo\u010dicu me\u0111u najkvalitetnije. Ove plo\u010dice dolaze od proizvo\u0111a\u010da Cicogres, [&hellip;]<\/p>\n","protected":false},"featured_media":96696,"template":"","meta":[],"product_cat":[999964,999],"product_tag":[],"_links":{"self":[{"href":"https:\/\/www.keramika.com\/srbija\/wp-json\/wp\/v2\/product\/96695"}],"collection":[{"href":"https:\/\/www.keramika.com\/srbija\/wp-json\/wp\/v2\/product"}],"about":[{"href":"https:\/\/www.keramika.com\/srbija\/wp-json\/wp\/v2\/types\/product"}],"wp:featuredmedia":[{"embeddable":true,"href":"https:\/\/www.keramika.com\/srbija\/wp-json\/wp\/v2\/media\/96696"}],"wp:attachment":[{"href":"https:\/\/www.keramika.com\/srbija\/wp-json\/wp\/v2\/media?parent=96695"}],"wp:term":[{"taxonomy":"product_cat","embeddable":true,"href":"https:\/\/www.keramika.com\/srbija\/wp-json\/wp\/v2\/product_cat?post=96695"},{"taxonomy":"product_tag","embeddable":true,"href":"https:\/\/www.keramika.com\/srbija\/wp-json\/wp\/v2\/product_tag?post=96695"}],"curies":[{"name":"wp","href":"https:\/\/api.w.org\/{rel}","templated":true}]}}