{"id":96683,"date":"2017-07-02T13:49:45","date_gmt":"2017-07-02T13:49:45","guid":{"rendered":"http:\/\/www.ceramictiles.com\/srbija\/product\/podne-plocice-natucer-tierras-ibericas-morella\/"},"modified":"2026-01-04T00:03:20","modified_gmt":"2026-01-04T00:03:20","slug":"podne-plocice-natucer-tierras-ibericas-morella","status":"publish","type":"product","link":"https:\/\/www.keramika.com\/srbija\/podne-plocice-natucer-tierras-ibericas-morella\/","title":{"rendered":"Podne plo\u010dice Natucer Tierras Ibericas Morella"},"content":{"rendered":"<p>Natucer Tierras Ibericas Morella dolazi iz \u0160panije, koja je poznata po vrlo visokoj kvaliteta keramike u svetu. Plo\u010dice braon boje osvje\u017eit \u0107e svaki prostor. \u0160irina i du\u017eina plo\u010dice su 30&#215;30 cm. 5032,5 RSD je redovna prodajna cena keramike, tu pa samo 4026,25 RSD. Debljina mm \u010dini plo\u010dicu vrlo izdr\u017eljivom i prijatnom na dodir.<\/p>\n<p>Kliknite na ime serije za sve plo\u010dice u toj seriji: <a class=\"pdfcatal\" href=\"\/\/www.ceramictiles.com\/pdf\/natucer\/catalogue_natucer_tierras_ibericas.pdf\">Natucer Ceramica Tierras Ibericas<\/a><\/p>\n<p>Da bi naru\u010dili model iz PDF kataloga ove serije, molimo vas, da nas kontaktirate na: <a href=\"mailto:zo_mi@ceramictiles.com\">zo_mi@ceramictiles.com<\/a> ili nas pozovite na: For exact offer, PLS send us quantity and product you need with delivery address..<\/p>\n","protected":false},"excerpt":{"rendered":"<p>Natucer Tierras Ibericas Morella dolazi iz \u0160panije, koja je poznata po vrlo visokoj kvaliteta keramike u svetu. Plo\u010dice braon boje osvje\u017eit \u0107e svaki prostor. \u0160irina i du\u017eina plo\u010dice su 30&#215;30 cm. 5032,5 RSD je redovna prodajna cena keramike, tu pa samo 4026,25 RSD. Debljina mm \u010dini plo\u010dicu vrlo izdr\u017eljivom i prijatnom na dodir. Kliknite na [&hellip;]<\/p>\n","protected":false},"featured_media":96684,"template":"","meta":[],"product_cat":[150,100,9991435,999,110,120],"product_tag":[],"_links":{"self":[{"href":"https:\/\/www.keramika.com\/srbija\/wp-json\/wp\/v2\/product\/96683"}],"collection":[{"href":"https:\/\/www.keramika.com\/srbija\/wp-json\/wp\/v2\/product"}],"about":[{"href":"https:\/\/www.keramika.com\/srbija\/wp-json\/wp\/v2\/types\/product"}],"wp:featuredmedia":[{"embeddable":true,"href":"https:\/\/www.keramika.com\/srbija\/wp-json\/wp\/v2\/media\/96684"}],"wp:attachment":[{"href":"https:\/\/www.keramika.com\/srbija\/wp-json\/wp\/v2\/media?parent=96683"}],"wp:term":[{"taxonomy":"product_cat","embeddable":true,"href":"https:\/\/www.keramika.com\/srbija\/wp-json\/wp\/v2\/product_cat?post=96683"},{"taxonomy":"product_tag","embeddable":true,"href":"https:\/\/www.keramika.com\/srbija\/wp-json\/wp\/v2\/product_tag?post=96683"}],"curies":[{"name":"wp","href":"https:\/\/api.w.org\/{rel}","templated":true}]}}