{"id":96679,"date":"2017-07-02T13:49:02","date_gmt":"2017-07-02T13:49:02","guid":{"rendered":"http:\/\/www.ceramictiles.com\/srbija\/product\/podne-plocice-natucer-simbols-blau-natural\/"},"modified":"2026-01-04T00:03:20","modified_gmt":"2026-01-04T00:03:20","slug":"podne-plocice-natucer-simbols-blau-natural","status":"publish","type":"product","link":"https:\/\/www.keramika.com\/srbija\/podne-plocice-natucer-simbols-blau-natural\/","title":{"rendered":"Podne plo\u010dice Natucer Simbols Blau Natural"},"content":{"rendered":"<p>Redovna cena, ovih plo\u010dica u maloprodaji je 6813,75 RSD. U na\u0161oj online trgovini, je mo\u017eete kupiti za 5450 RSD. Plo\u010dica je debela mm, \u0161to je ubraja u tvrde plo\u010dice. Natucer Simbols Blau Natural je proizvod iz \u0160panije te je izuzetno kvalitetna. Ta kolekcija, model plo\u010dice, se prodaje najvi\u0161e plave boje. Veli\u010dina 36&#215;36 cm je odli\u010dna za sve podloge.<\/p>\n<p>Kliknite na ime serije za sve plo\u010dice u toj seriji: <a class=\"pdfcatal\" href=\"\/\/www.ceramictiles.com\/pdf\/natucer\/catalogue_natucer_simbols.pdf\">Natucer Ceramica Simbols<\/a><\/p>\n<p>Da bi naru\u010dili model iz PDF kataloga ove serije, molimo vas, da nas kontaktirate na: <a href=\"mailto:zo_mi@ceramictiles.com\">zo_mi@ceramictiles.com<\/a> ili nas pozovite na: For exact offer, PLS send us quantity and product you need with delivery address..<\/p>\n","protected":false},"excerpt":{"rendered":"<p>Redovna cena, ovih plo\u010dica u maloprodaji je 6813,75 RSD. U na\u0161oj online trgovini, je mo\u017eete kupiti za 5450 RSD. Plo\u010dica je debela mm, \u0161to je ubraja u tvrde plo\u010dice. Natucer Simbols Blau Natural je proizvod iz \u0160panije te je izuzetno kvalitetna. Ta kolekcija, model plo\u010dice, se prodaje najvi\u0161e plave boje. Veli\u010dina 36&#215;36 cm je odli\u010dna [&hellip;]<\/p>\n","protected":false},"featured_media":96680,"template":"","meta":[],"product_cat":[150,100,9991435,999,110,120],"product_tag":[],"_links":{"self":[{"href":"https:\/\/www.keramika.com\/srbija\/wp-json\/wp\/v2\/product\/96679"}],"collection":[{"href":"https:\/\/www.keramika.com\/srbija\/wp-json\/wp\/v2\/product"}],"about":[{"href":"https:\/\/www.keramika.com\/srbija\/wp-json\/wp\/v2\/types\/product"}],"wp:featuredmedia":[{"embeddable":true,"href":"https:\/\/www.keramika.com\/srbija\/wp-json\/wp\/v2\/media\/96680"}],"wp:attachment":[{"href":"https:\/\/www.keramika.com\/srbija\/wp-json\/wp\/v2\/media?parent=96679"}],"wp:term":[{"taxonomy":"product_cat","embeddable":true,"href":"https:\/\/www.keramika.com\/srbija\/wp-json\/wp\/v2\/product_cat?post=96679"},{"taxonomy":"product_tag","embeddable":true,"href":"https:\/\/www.keramika.com\/srbija\/wp-json\/wp\/v2\/product_tag?post=96679"}],"curies":[{"name":"wp","href":"https:\/\/api.w.org\/{rel}","templated":true}]}}