{"id":96677,"date":"2017-07-02T13:48:43","date_gmt":"2017-07-02T13:48:43","guid":{"rendered":"http:\/\/www.ceramictiles.com\/srbija\/product\/zidna-dekorativna-keramika-natucer-scale-frost\/"},"modified":"2026-01-04T00:03:20","modified_gmt":"2026-01-04T00:03:20","slug":"zidna-dekorativna-keramika-natucer-scale-frost","status":"publish","type":"product","link":"https:\/\/www.keramika.com\/srbija\/zidna-dekorativna-keramika-natucer-scale-frost\/","title":{"rendered":"Zidna dekorativna keramika Natucer Scale Frost"},"content":{"rendered":"<p>plo\u010dica proizvo\u0111a\u010da Natucer Ceramica iz \u0160panije. Plo\u010dice bele boje, su letos izuzetno tre\u017eene. Debljina mm \u010dini plo\u010dicu vrlo izdr\u017eljivom i prijatnom na dodir. U maloprodaji bi morali za tu plo\u010dicu platiti 512,5 RSD, online cena je samo 410 RSD. Veli\u010dina plo\u010dice je 10&#215;40 cm i odli\u010dna je za razli\u010dite povr\u0161ine.<\/p>\n<p>Kliknite na ime serije za sve plo\u010dice u toj seriji: <a class=\"pdfcatal\" href=\"\/\/www.ceramictiles.com\/pdf\/natucer\/catalogue_natucer_scale.pdf\">Natucer Ceramica Scale<\/a><\/p>\n<p>Da bi naru\u010dili model iz PDF kataloga ove serije, molimo vas, da nas kontaktirate na: <a href=\"mailto:zo_mi@ceramictiles.com\">zo_mi@ceramictiles.com<\/a> ili nas pozovite na: For exact offer, PLS send us quantity and product you need with delivery address..<\/p>\n","protected":false},"excerpt":{"rendered":"<p>plo\u010dica proizvo\u0111a\u010da Natucer Ceramica iz \u0160panije. Plo\u010dice bele boje, su letos izuzetno tre\u017eene. Debljina mm \u010dini plo\u010dicu vrlo izdr\u017eljivom i prijatnom na dodir. U maloprodaji bi morali za tu plo\u010dicu platiti 512,5 RSD, online cena je samo 410 RSD. Veli\u010dina plo\u010dice je 10&#215;40 cm i odli\u010dna je za razli\u010dite povr\u0161ine. Kliknite na ime serije za [&hellip;]<\/p>\n","protected":false},"featured_media":96678,"template":"","meta":[],"product_cat":[150,100,9991435,999,110,120],"product_tag":[],"_links":{"self":[{"href":"https:\/\/www.keramika.com\/srbija\/wp-json\/wp\/v2\/product\/96677"}],"collection":[{"href":"https:\/\/www.keramika.com\/srbija\/wp-json\/wp\/v2\/product"}],"about":[{"href":"https:\/\/www.keramika.com\/srbija\/wp-json\/wp\/v2\/types\/product"}],"wp:featuredmedia":[{"embeddable":true,"href":"https:\/\/www.keramika.com\/srbija\/wp-json\/wp\/v2\/media\/96678"}],"wp:attachment":[{"href":"https:\/\/www.keramika.com\/srbija\/wp-json\/wp\/v2\/media?parent=96677"}],"wp:term":[{"taxonomy":"product_cat","embeddable":true,"href":"https:\/\/www.keramika.com\/srbija\/wp-json\/wp\/v2\/product_cat?post=96677"},{"taxonomy":"product_tag","embeddable":true,"href":"https:\/\/www.keramika.com\/srbija\/wp-json\/wp\/v2\/product_tag?post=96677"}],"curies":[{"name":"wp","href":"https:\/\/api.w.org\/{rel}","templated":true}]}}