{"id":96675,"date":"2017-07-02T13:48:27","date_gmt":"2017-07-02T13:48:27","guid":{"rendered":"http:\/\/www.ceramictiles.com\/srbija\/product\/zidna-dekorativna-keramika-natucer-row-cube-frost\/"},"modified":"2026-01-04T00:03:20","modified_gmt":"2026-01-04T00:03:20","slug":"zidna-dekorativna-keramika-natucer-row-cube-frost","status":"publish","type":"product","link":"https:\/\/www.keramika.com\/srbija\/zidna-dekorativna-keramika-natucer-row-cube-frost\/","title":{"rendered":"Zidna dekorativna keramika Natucer Row Cube Frost"},"content":{"rendered":"<p>U maloprodaji bi morali za tu plo\u010dicu platiti 14926,25 RSD, online cena je samo 11940 RSD. mm debljina \u0107e zadovoljiti i najzahtevnije kupce. Plo\u010dice bele boje osvje\u017eit \u0107e svaki prostor. Veli\u010dina ove plo\u010dice je 30&#215;60 cm. Ove plo\u010dice dolaze od proizvo\u0111a\u010da Natucer Ceramica, iz \u0160panije.<\/p>\n<p>Kliknite na ime serije za sve plo\u010dice u toj seriji: <a class=\"pdfcatal\" href=\"\/\/www.ceramictiles.com\/pdf\/natucer\/catalogue_natucer_rowcube.pdf\">Natucer Ceramica RowCube<\/a><\/p>\n<p>Da bi naru\u010dili model iz PDF kataloga ove serije, molimo vas, da nas kontaktirate na: <a href=\"mailto:zo_mi@ceramictiles.com\">zo_mi@ceramictiles.com<\/a> ili nas pozovite na: For exact offer, PLS send us quantity and product you need with delivery address..<\/p>\n","protected":false},"excerpt":{"rendered":"<p>U maloprodaji bi morali za tu plo\u010dicu platiti 14926,25 RSD, online cena je samo 11940 RSD. mm debljina \u0107e zadovoljiti i najzahtevnije kupce. Plo\u010dice bele boje osvje\u017eit \u0107e svaki prostor. Veli\u010dina ove plo\u010dice je 30&#215;60 cm. Ove plo\u010dice dolaze od proizvo\u0111a\u010da Natucer Ceramica, iz \u0160panije. Kliknite na ime serije za sve plo\u010dice u toj seriji: [&hellip;]<\/p>\n","protected":false},"featured_media":96676,"template":"","meta":[],"product_cat":[150,100,9991435,999,110,120],"product_tag":[],"_links":{"self":[{"href":"https:\/\/www.keramika.com\/srbija\/wp-json\/wp\/v2\/product\/96675"}],"collection":[{"href":"https:\/\/www.keramika.com\/srbija\/wp-json\/wp\/v2\/product"}],"about":[{"href":"https:\/\/www.keramika.com\/srbija\/wp-json\/wp\/v2\/types\/product"}],"wp:featuredmedia":[{"embeddable":true,"href":"https:\/\/www.keramika.com\/srbija\/wp-json\/wp\/v2\/media\/96676"}],"wp:attachment":[{"href":"https:\/\/www.keramika.com\/srbija\/wp-json\/wp\/v2\/media?parent=96675"}],"wp:term":[{"taxonomy":"product_cat","embeddable":true,"href":"https:\/\/www.keramika.com\/srbija\/wp-json\/wp\/v2\/product_cat?post=96675"},{"taxonomy":"product_tag","embeddable":true,"href":"https:\/\/www.keramika.com\/srbija\/wp-json\/wp\/v2\/product_tag?post=96675"}],"curies":[{"name":"wp","href":"https:\/\/api.w.org\/{rel}","templated":true}]}}