{"id":96671,"date":"2017-07-02T13:47:46","date_gmt":"2017-07-02T13:47:46","guid":{"rendered":"http:\/\/www.ceramictiles.com\/srbija\/product\/plocice-imitacija-kamena-natucer-pietra-di-firenze-nero\/"},"modified":"2026-01-04T00:03:19","modified_gmt":"2026-01-04T00:03:19","slug":"plocice-imitacija-kamena-natucer-pietra-di-firenze-nero","status":"publish","type":"product","link":"https:\/\/www.keramika.com\/srbija\/plocice-imitacija-kamena-natucer-pietra-di-firenze-nero\/","title":{"rendered":"Plo\u010dice imitacija kamena Natucer Pietra di Firenze Nero"},"content":{"rendered":"<p>Veli\u010dina 30&#215;60 cm je odli\u010dna za sve podloge. Ova plo\u010dica je debela mm i zato je izuzetno izdr\u017eljiva. Natucer Pietra di Firenze Nero je proizvod iz \u0160panije te je izuzetno kvalitetna. Plo\u010dice sive boje, su letos izuzetno tre\u017eene. Umesto 7305 RSD \u0161to je redovna maloprodajna cena keramike, u na\u0161oj online prodavnici, je mo\u017eete dobiti za samo 5843,75 RSD.<\/p>\n<p>Kliknite na ime serije za sve plo\u010dice u toj seriji: <a class=\"pdfcatal\" href=\"\/\/www.ceramictiles.com\/pdf\/natucer\/catalogue_natucer_pietra_di_firenze.pdf\">Natucer Ceramica Pietra di Firenze<\/a><\/p>\n<p>Da bi naru\u010dili model iz PDF kataloga ove serije, molimo vas, da nas kontaktirate na: <a href=\"mailto:zo_mi@ceramictiles.com\">zo_mi@ceramictiles.com<\/a> ili nas pozovite na: For exact offer, PLS send us quantity and product you need with delivery address..<\/p>\n","protected":false},"excerpt":{"rendered":"<p>Veli\u010dina 30&#215;60 cm je odli\u010dna za sve podloge. Ova plo\u010dica je debela mm i zato je izuzetno izdr\u017eljiva. Natucer Pietra di Firenze Nero je proizvod iz \u0160panije te je izuzetno kvalitetna. Plo\u010dice sive boje, su letos izuzetno tre\u017eene. Umesto 7305 RSD \u0161to je redovna maloprodajna cena keramike, u na\u0161oj online prodavnici, je mo\u017eete dobiti za [&hellip;]<\/p>\n","protected":false},"featured_media":96672,"template":"","meta":[],"product_cat":[150,100,9991435,999,110,120],"product_tag":[99950096],"_links":{"self":[{"href":"https:\/\/www.keramika.com\/srbija\/wp-json\/wp\/v2\/product\/96671"}],"collection":[{"href":"https:\/\/www.keramika.com\/srbija\/wp-json\/wp\/v2\/product"}],"about":[{"href":"https:\/\/www.keramika.com\/srbija\/wp-json\/wp\/v2\/types\/product"}],"wp:featuredmedia":[{"embeddable":true,"href":"https:\/\/www.keramika.com\/srbija\/wp-json\/wp\/v2\/media\/96672"}],"wp:attachment":[{"href":"https:\/\/www.keramika.com\/srbija\/wp-json\/wp\/v2\/media?parent=96671"}],"wp:term":[{"taxonomy":"product_cat","embeddable":true,"href":"https:\/\/www.keramika.com\/srbija\/wp-json\/wp\/v2\/product_cat?post=96671"},{"taxonomy":"product_tag","embeddable":true,"href":"https:\/\/www.keramika.com\/srbija\/wp-json\/wp\/v2\/product_tag?post=96671"}],"curies":[{"name":"wp","href":"https:\/\/api.w.org\/{rel}","templated":true}]}}