{"id":96667,"date":"2017-07-02T13:47:04","date_gmt":"2017-07-02T13:47:04","guid":{"rendered":"http:\/\/www.ceramictiles.com\/srbija\/product\/zidne-plocice-natucer-pause-near-grise\/"},"modified":"2026-01-04T00:03:19","modified_gmt":"2026-01-04T00:03:19","slug":"zidne-plocice-natucer-pause-near-grise","status":"publish","type":"product","link":"https:\/\/www.keramika.com\/srbija\/zidne-plocice-natucer-pause-near-grise\/","title":{"rendered":"Zidne plo\u010dice Natucer Pause Near Grise"},"content":{"rendered":"<p>Plo\u010dice sive boje osvje\u017eit \u0107e svaki prostor. Plo\u010dica je debela mm, \u0161to je ubraja u tvrde plo\u010dice. Natucer Pause Near Grise je proizvod iz \u0160panije te je izuzetno kvalitetna. Umesto 5716,25 RSD \u0161to je redovna maloprodajna cena keramike, u na\u0161oj online prodavnici, je mo\u017eete dobiti za samo 4573,75 RSD. Plo\u010dica 20&#215;40 cm je dobra za ve\u0107 razli\u010ditih namena.<\/p>\n<p>Kliknite na ime serije za sve plo\u010dice u toj seriji: <a class=\"pdfcatal\" href=\"\/\/www.ceramictiles.com\/pdf\/natucer\/catalogue_natucer_pause.pdf\">Natucer Ceramica Pause<\/a><\/p>\n<p>Da bi naru\u010dili model iz PDF kataloga ove serije, molimo vas, da nas kontaktirate na: <a href=\"mailto:zo_mi@ceramictiles.com\">zo_mi@ceramictiles.com<\/a> ili nas pozovite na: For exact offer, PLS send us quantity and product you need with delivery address..<\/p>\n","protected":false},"excerpt":{"rendered":"<p>Plo\u010dice sive boje osvje\u017eit \u0107e svaki prostor. Plo\u010dica je debela mm, \u0161to je ubraja u tvrde plo\u010dice. Natucer Pause Near Grise je proizvod iz \u0160panije te je izuzetno kvalitetna. Umesto 5716,25 RSD \u0161to je redovna maloprodajna cena keramike, u na\u0161oj online prodavnici, je mo\u017eete dobiti za samo 4573,75 RSD. Plo\u010dica 20&#215;40 cm je dobra za [&hellip;]<\/p>\n","protected":false},"featured_media":96668,"template":"","meta":[],"product_cat":[150,100,9991435,999,110,120],"product_tag":[],"_links":{"self":[{"href":"https:\/\/www.keramika.com\/srbija\/wp-json\/wp\/v2\/product\/96667"}],"collection":[{"href":"https:\/\/www.keramika.com\/srbija\/wp-json\/wp\/v2\/product"}],"about":[{"href":"https:\/\/www.keramika.com\/srbija\/wp-json\/wp\/v2\/types\/product"}],"wp:featuredmedia":[{"embeddable":true,"href":"https:\/\/www.keramika.com\/srbija\/wp-json\/wp\/v2\/media\/96668"}],"wp:attachment":[{"href":"https:\/\/www.keramika.com\/srbija\/wp-json\/wp\/v2\/media?parent=96667"}],"wp:term":[{"taxonomy":"product_cat","embeddable":true,"href":"https:\/\/www.keramika.com\/srbija\/wp-json\/wp\/v2\/product_cat?post=96667"},{"taxonomy":"product_tag","embeddable":true,"href":"https:\/\/www.keramika.com\/srbija\/wp-json\/wp\/v2\/product_tag?post=96667"}],"curies":[{"name":"wp","href":"https:\/\/api.w.org\/{rel}","templated":true}]}}