{"id":96665,"date":"2017-07-02T13:46:43","date_gmt":"2017-07-02T13:46:43","guid":{"rendered":"http:\/\/www.ceramictiles.com\/srbija\/product\/podne-plocice-natucer-panal-farina\/"},"modified":"2026-01-04T00:03:19","modified_gmt":"2026-01-04T00:03:19","slug":"podne-plocice-natucer-panal-farina","status":"publish","type":"product","link":"https:\/\/www.keramika.com\/srbija\/podne-plocice-natucer-panal-farina\/","title":{"rendered":"Podne plo\u010dice Natucer Panal Farina"},"content":{"rendered":"<p>\u0160irina i du\u017eina plo\u010dice su 15&#215;20 cm. Debljina plo\u010dice, je vrlo va\u017ena mm i ubraja tu plo\u010dicu me\u0111u najkvalitetnije. Natucer Panal Farina je proizvod iz \u0160panije te je izuzetno kvalitetna. 14926,25 RSD je redovna prodajna cena keramike, tu pa samo 11940 RSD. Plo\u010dice bele boje osvje\u017eit \u0107e svaki prostor.<\/p>\n<p>Kliknite na ime serije za sve plo\u010dice u toj seriji: <a class=\"pdfcatal\" href=\"\/\/www.ceramictiles.com\/pdf\/natucer\/catalogue_natucer_panal.pdf\">Natucer Ceramica Panal<\/a><\/p>\n<p>Da bi naru\u010dili model iz PDF kataloga ove serije, molimo vas, da nas kontaktirate na: <a href=\"mailto:zo_mi@ceramictiles.com\">zo_mi@ceramictiles.com<\/a> ili nas pozovite na: For exact offer, PLS send us quantity and product you need with delivery address..<\/p>\n","protected":false},"excerpt":{"rendered":"<p>\u0160irina i du\u017eina plo\u010dice su 15&#215;20 cm. Debljina plo\u010dice, je vrlo va\u017ena mm i ubraja tu plo\u010dicu me\u0111u najkvalitetnije. Natucer Panal Farina je proizvod iz \u0160panije te je izuzetno kvalitetna. 14926,25 RSD je redovna prodajna cena keramike, tu pa samo 11940 RSD. Plo\u010dice bele boje osvje\u017eit \u0107e svaki prostor. Kliknite na ime serije za sve [&hellip;]<\/p>\n","protected":false},"featured_media":96666,"template":"","meta":[],"product_cat":[150,100,9991435,999,110,120],"product_tag":[],"_links":{"self":[{"href":"https:\/\/www.keramika.com\/srbija\/wp-json\/wp\/v2\/product\/96665"}],"collection":[{"href":"https:\/\/www.keramika.com\/srbija\/wp-json\/wp\/v2\/product"}],"about":[{"href":"https:\/\/www.keramika.com\/srbija\/wp-json\/wp\/v2\/types\/product"}],"wp:featuredmedia":[{"embeddable":true,"href":"https:\/\/www.keramika.com\/srbija\/wp-json\/wp\/v2\/media\/96666"}],"wp:attachment":[{"href":"https:\/\/www.keramika.com\/srbija\/wp-json\/wp\/v2\/media?parent=96665"}],"wp:term":[{"taxonomy":"product_cat","embeddable":true,"href":"https:\/\/www.keramika.com\/srbija\/wp-json\/wp\/v2\/product_cat?post=96665"},{"taxonomy":"product_tag","embeddable":true,"href":"https:\/\/www.keramika.com\/srbija\/wp-json\/wp\/v2\/product_tag?post=96665"}],"curies":[{"name":"wp","href":"https:\/\/api.w.org\/{rel}","templated":true}]}}