{"id":96661,"date":"2017-07-02T13:45:57","date_gmt":"2017-07-02T13:45:57","guid":{"rendered":"http:\/\/www.ceramictiles.com\/srbija\/product\/zidne-plocice-natucer-novecento-blanco-silencio\/"},"modified":"2026-01-04T00:03:18","modified_gmt":"2026-01-04T00:03:18","slug":"zidne-plocice-natucer-novecento-blanco-silencio","status":"publish","type":"product","link":"https:\/\/www.keramika.com\/srbija\/zidne-plocice-natucer-novecento-blanco-silencio\/","title":{"rendered":"Zidne plo\u010dice Natucer Novecento Blanco Silencio"},"content":{"rendered":"<p>Plo\u010dice bele boje, su letos izuzetno tre\u017eene. Debljina mm \u010dini plo\u010dicu vrlo izdr\u017eljivom i prijatnom na dodir. plo\u010dica proizvo\u0111a\u010da Natucer Ceramica iz \u0160panije. 12313,75 RSD je redovna prodajna cena keramike, tu pa samo 9850 RSD. Veli\u010dina plo\u010dice je 13&#215;13 cm i odli\u010dna je za razli\u010dite povr\u0161ine.<\/p>\n<p>Kliknite na ime serije za sve plo\u010dice u toj seriji: <a class=\"pdfcatal\" href=\"\/\/www.ceramictiles.com\/pdf\/natucer\/catalogue_natucer_novecento.pdf\">Natucer Ceramica Novecento<\/a><\/p>\n<p>Da bi naru\u010dili model iz PDF kataloga ove serije, molimo vas, da nas kontaktirate na: <a href=\"mailto:zo_mi@ceramictiles.com\">zo_mi@ceramictiles.com<\/a> ili nas pozovite na: For exact offer, PLS send us quantity and product you need with delivery address..<\/p>\n","protected":false},"excerpt":{"rendered":"<p>Plo\u010dice bele boje, su letos izuzetno tre\u017eene. Debljina mm \u010dini plo\u010dicu vrlo izdr\u017eljivom i prijatnom na dodir. plo\u010dica proizvo\u0111a\u010da Natucer Ceramica iz \u0160panije. 12313,75 RSD je redovna prodajna cena keramike, tu pa samo 9850 RSD. Veli\u010dina plo\u010dice je 13&#215;13 cm i odli\u010dna je za razli\u010dite povr\u0161ine. Kliknite na ime serije za sve plo\u010dice u toj [&hellip;]<\/p>\n","protected":false},"featured_media":96662,"template":"","meta":[],"product_cat":[150,100,9991435,999,110,120],"product_tag":[],"_links":{"self":[{"href":"https:\/\/www.keramika.com\/srbija\/wp-json\/wp\/v2\/product\/96661"}],"collection":[{"href":"https:\/\/www.keramika.com\/srbija\/wp-json\/wp\/v2\/product"}],"about":[{"href":"https:\/\/www.keramika.com\/srbija\/wp-json\/wp\/v2\/types\/product"}],"wp:featuredmedia":[{"embeddable":true,"href":"https:\/\/www.keramika.com\/srbija\/wp-json\/wp\/v2\/media\/96662"}],"wp:attachment":[{"href":"https:\/\/www.keramika.com\/srbija\/wp-json\/wp\/v2\/media?parent=96661"}],"wp:term":[{"taxonomy":"product_cat","embeddable":true,"href":"https:\/\/www.keramika.com\/srbija\/wp-json\/wp\/v2\/product_cat?post=96661"},{"taxonomy":"product_tag","embeddable":true,"href":"https:\/\/www.keramika.com\/srbija\/wp-json\/wp\/v2\/product_tag?post=96661"}],"curies":[{"name":"wp","href":"https:\/\/api.w.org\/{rel}","templated":true}]}}