{"id":96657,"date":"2017-07-02T13:45:11","date_gmt":"2017-07-02T13:45:11","guid":{"rendered":"http:\/\/www.ceramictiles.com\/srbija\/product\/keramika-imitacija-drveta-natucer-lofty-nut\/"},"modified":"2026-01-04T00:03:18","modified_gmt":"2026-01-04T00:03:18","slug":"keramika-imitacija-drveta-natucer-lofty-nut","status":"publish","type":"product","link":"https:\/\/www.keramika.com\/srbija\/keramika-imitacija-drveta-natucer-lofty-nut\/","title":{"rendered":"Keramika imitacija drveta Natucer Lofty Nut"},"content":{"rendered":"<p>Plo\u010dice dolaze iz \u0160panije, koja je poznata po kvalitetnoj keramiki. Online cena je samo 5843,75 RSD, dok redovna, maloprodajna cena 7305 RSD. U izboru plo\u010dica braon boje, ne mo\u017eete pogre\u0161iti. Ova plo\u010dica je debela mm i zato je izuzetno izdr\u017eljiva. Veli\u010dina ove plo\u010dice je 21&#215;60 cm.<\/p>\n<p>Kliknite na ime serije za sve plo\u010dice u toj seriji: <a class=\"pdfcatal\" href=\"\/\/www.ceramictiles.com\/pdf\/natucer\/catalogue_natucer_lofty.pdf\">Natucer Ceramica Lofty<\/a><\/p>\n<p>Da bi naru\u010dili model iz PDF kataloga ove serije, molimo vas, da nas kontaktirate na: <a href=\"mailto:zo_mi@ceramictiles.com\">zo_mi@ceramictiles.com<\/a> ili nas pozovite na: For exact offer, PLS send us quantity and product you need with delivery address..<\/p>\n","protected":false},"excerpt":{"rendered":"<p>Plo\u010dice dolaze iz \u0160panije, koja je poznata po kvalitetnoj keramiki. Online cena je samo 5843,75 RSD, dok redovna, maloprodajna cena 7305 RSD. U izboru plo\u010dica braon boje, ne mo\u017eete pogre\u0161iti. Ova plo\u010dica je debela mm i zato je izuzetno izdr\u017eljiva. Veli\u010dina ove plo\u010dice je 21&#215;60 cm. Kliknite na ime serije za sve plo\u010dice u toj [&hellip;]<\/p>\n","protected":false},"featured_media":96658,"template":"","meta":[],"product_cat":[150,100,9991435,999,110,120],"product_tag":[99950095],"_links":{"self":[{"href":"https:\/\/www.keramika.com\/srbija\/wp-json\/wp\/v2\/product\/96657"}],"collection":[{"href":"https:\/\/www.keramika.com\/srbija\/wp-json\/wp\/v2\/product"}],"about":[{"href":"https:\/\/www.keramika.com\/srbija\/wp-json\/wp\/v2\/types\/product"}],"wp:featuredmedia":[{"embeddable":true,"href":"https:\/\/www.keramika.com\/srbija\/wp-json\/wp\/v2\/media\/96658"}],"wp:attachment":[{"href":"https:\/\/www.keramika.com\/srbija\/wp-json\/wp\/v2\/media?parent=96657"}],"wp:term":[{"taxonomy":"product_cat","embeddable":true,"href":"https:\/\/www.keramika.com\/srbija\/wp-json\/wp\/v2\/product_cat?post=96657"},{"taxonomy":"product_tag","embeddable":true,"href":"https:\/\/www.keramika.com\/srbija\/wp-json\/wp\/v2\/product_tag?post=96657"}],"curies":[{"name":"wp","href":"https:\/\/api.w.org\/{rel}","templated":true}]}}