{"id":96655,"date":"2017-07-02T13:44:41","date_gmt":"2017-07-02T13:44:41","guid":{"rendered":"http:\/\/www.ceramictiles.com\/srbija\/product\/podne-plocice-natucer-liebana-tama\/"},"modified":"2026-01-04T00:03:18","modified_gmt":"2026-01-04T00:03:18","slug":"podne-plocice-natucer-liebana-tama","status":"publish","type":"product","link":"https:\/\/www.keramika.com\/srbija\/podne-plocice-natucer-liebana-tama\/","title":{"rendered":"Podne plo\u010dice Natucer Liebana Tama"},"content":{"rendered":"<p>mm debljine je dovoljno za zahtevnije kupce. Plo\u010dice be\u017e boje, su letos izuzetno tre\u017eene. Ove plo\u010dice dolaze od proizvo\u0111a\u010da Natucer Ceramica, iz \u0160panije. Natucer Liebana Tama je dostupna po vrlo povoljnim cenama 4573,75 RSD. Plo\u010dica na sliki je 36&#215;36 cm.<\/p>\n<p>Kliknite na ime serije za sve plo\u010dice u toj seriji: <a class=\"pdfcatal\" href=\"\/\/www.ceramictiles.com\/pdf\/natucer\/catalogue_natucer_liebana.pdf\">Natucer Ceramica Liebana<\/a><\/p>\n<p>Da bi naru\u010dili model iz PDF kataloga ove serije, molimo vas, da nas kontaktirate na: <a href=\"mailto:zo_mi@ceramictiles.com\">zo_mi@ceramictiles.com<\/a> ili nas pozovite na: For exact offer, PLS send us quantity and product you need with delivery address..<\/p>\n","protected":false},"excerpt":{"rendered":"<p>mm debljine je dovoljno za zahtevnije kupce. Plo\u010dice be\u017e boje, su letos izuzetno tre\u017eene. Ove plo\u010dice dolaze od proizvo\u0111a\u010da Natucer Ceramica, iz \u0160panije. Natucer Liebana Tama je dostupna po vrlo povoljnim cenama 4573,75 RSD. Plo\u010dica na sliki je 36&#215;36 cm. Kliknite na ime serije za sve plo\u010dice u toj seriji: Natucer Ceramica Liebana Da bi [&hellip;]<\/p>\n","protected":false},"featured_media":96656,"template":"","meta":[],"product_cat":[150,100,9991435,999,110,120],"product_tag":[],"_links":{"self":[{"href":"https:\/\/www.keramika.com\/srbija\/wp-json\/wp\/v2\/product\/96655"}],"collection":[{"href":"https:\/\/www.keramika.com\/srbija\/wp-json\/wp\/v2\/product"}],"about":[{"href":"https:\/\/www.keramika.com\/srbija\/wp-json\/wp\/v2\/types\/product"}],"wp:featuredmedia":[{"embeddable":true,"href":"https:\/\/www.keramika.com\/srbija\/wp-json\/wp\/v2\/media\/96656"}],"wp:attachment":[{"href":"https:\/\/www.keramika.com\/srbija\/wp-json\/wp\/v2\/media?parent=96655"}],"wp:term":[{"taxonomy":"product_cat","embeddable":true,"href":"https:\/\/www.keramika.com\/srbija\/wp-json\/wp\/v2\/product_cat?post=96655"},{"taxonomy":"product_tag","embeddable":true,"href":"https:\/\/www.keramika.com\/srbija\/wp-json\/wp\/v2\/product_tag?post=96655"}],"curies":[{"name":"wp","href":"https:\/\/api.w.org\/{rel}","templated":true}]}}