{"id":96653,"date":"2017-07-02T13:44:17","date_gmt":"2017-07-02T13:44:17","guid":{"rendered":"http:\/\/www.ceramictiles.com\/srbija\/product\/podne-i-zidne-plocice-natucer-laguna-grande-mira\/"},"modified":"2026-01-04T00:03:18","modified_gmt":"2026-01-04T00:03:18","slug":"podne-i-zidne-plocice-natucer-laguna-grande-mira","status":"publish","type":"product","link":"https:\/\/www.keramika.com\/srbija\/podne-i-zidne-plocice-natucer-laguna-grande-mira\/","title":{"rendered":"Podne i zidne plo\u010dice Natucer Laguna Grande Mira"},"content":{"rendered":"<p>mm debljine je dovoljno za zahtevnije kupce. \u0160irina i du\u017eina plo\u010dice su 36&#215;54 cm. Plo\u010dice braon boje osvje\u017eit \u0107e svaki prostor. Natucer Laguna Grande Mira je proizvod iz \u0160panije te je izuzetno kvalitetna. Natucer Laguna Grande Mira je dostupna po vrlo povoljnim cenama 5843,75 RSD.<\/p>\n<p>Kliknite na ime serije za sve plo\u010dice u toj seriji: <a class=\"pdfcatal\" href=\"\/\/www.ceramictiles.com\/pdf\/natucer\/catalogue_natucer_laguna_grande.pdf\">Natucer Ceramica Laguna Grande<\/a><\/p>\n<p>Da bi naru\u010dili model iz PDF kataloga ove serije, molimo vas, da nas kontaktirate na: <a href=\"mailto:zo_mi@ceramictiles.com\">zo_mi@ceramictiles.com<\/a> ili nas pozovite na: For exact offer, PLS send us quantity and product you need with delivery address..<\/p>\n","protected":false},"excerpt":{"rendered":"<p>mm debljine je dovoljno za zahtevnije kupce. \u0160irina i du\u017eina plo\u010dice su 36&#215;54 cm. Plo\u010dice braon boje osvje\u017eit \u0107e svaki prostor. Natucer Laguna Grande Mira je proizvod iz \u0160panije te je izuzetno kvalitetna. Natucer Laguna Grande Mira je dostupna po vrlo povoljnim cenama 5843,75 RSD. Kliknite na ime serije za sve plo\u010dice u toj seriji: [&hellip;]<\/p>\n","protected":false},"featured_media":96654,"template":"","meta":[],"product_cat":[150,100,9991435,999,110,120],"product_tag":[],"_links":{"self":[{"href":"https:\/\/www.keramika.com\/srbija\/wp-json\/wp\/v2\/product\/96653"}],"collection":[{"href":"https:\/\/www.keramika.com\/srbija\/wp-json\/wp\/v2\/product"}],"about":[{"href":"https:\/\/www.keramika.com\/srbija\/wp-json\/wp\/v2\/types\/product"}],"wp:featuredmedia":[{"embeddable":true,"href":"https:\/\/www.keramika.com\/srbija\/wp-json\/wp\/v2\/media\/96654"}],"wp:attachment":[{"href":"https:\/\/www.keramika.com\/srbija\/wp-json\/wp\/v2\/media?parent=96653"}],"wp:term":[{"taxonomy":"product_cat","embeddable":true,"href":"https:\/\/www.keramika.com\/srbija\/wp-json\/wp\/v2\/product_cat?post=96653"},{"taxonomy":"product_tag","embeddable":true,"href":"https:\/\/www.keramika.com\/srbija\/wp-json\/wp\/v2\/product_tag?post=96653"}],"curies":[{"name":"wp","href":"https:\/\/api.w.org\/{rel}","templated":true}]}}