{"id":96649,"date":"2017-07-02T13:43:33","date_gmt":"2017-07-02T13:43:33","guid":{"rendered":"http:\/\/www.ceramictiles.com\/srbija\/product\/podne-plocice-natucer-gardencity-oxford-porc\/"},"modified":"2026-01-04T00:03:17","modified_gmt":"2026-01-04T00:03:17","slug":"podne-plocice-natucer-gardencity-oxford-porc","status":"publish","type":"product","link":"https:\/\/www.keramika.com\/srbija\/podne-plocice-natucer-gardencity-oxford-porc\/","title":{"rendered":"Podne plo\u010dice Natucer Gardencity Oxford Porc"},"content":{"rendered":"<p>Izuzetno moderne plo\u010dice be\u017e boje, osve\u017eit \u0107e svaki prostor. plo\u010dica proizvo\u0111a\u010da Natucer Ceramica iz \u0160panije. Veli\u010dina ove plo\u010dice je 30&#215;30 cm. mm debljina \u0107e zadovoljiti i najzahtevnije kupce. 5032,5 RSD je redovna prodajna cena keramike, tu pa samo 4026,25 RSD.<\/p>\n<p>Kliknite na ime serije za sve plo\u010dice u toj seriji: <a class=\"pdfcatal\" href=\"\/\/www.ceramictiles.com\/pdf\/natucer\/catalogue_natucer_gardencity.pdf\">Natucer Ceramica Gardencity<\/a><\/p>\n<p>Da bi naru\u010dili model iz PDF kataloga ove serije, molimo vas, da nas kontaktirate na: <a href=\"mailto:zo_mi@ceramictiles.com\">zo_mi@ceramictiles.com<\/a> ili nas pozovite na: For exact offer, PLS send us quantity and product you need with delivery address..<\/p>\n","protected":false},"excerpt":{"rendered":"<p>Izuzetno moderne plo\u010dice be\u017e boje, osve\u017eit \u0107e svaki prostor. plo\u010dica proizvo\u0111a\u010da Natucer Ceramica iz \u0160panije. Veli\u010dina ove plo\u010dice je 30&#215;30 cm. mm debljina \u0107e zadovoljiti i najzahtevnije kupce. 5032,5 RSD je redovna prodajna cena keramike, tu pa samo 4026,25 RSD. Kliknite na ime serije za sve plo\u010dice u toj seriji: Natucer Ceramica Gardencity Da bi [&hellip;]<\/p>\n","protected":false},"featured_media":96650,"template":"","meta":[],"product_cat":[150,100,9991435,999,110,120],"product_tag":[],"_links":{"self":[{"href":"https:\/\/www.keramika.com\/srbija\/wp-json\/wp\/v2\/product\/96649"}],"collection":[{"href":"https:\/\/www.keramika.com\/srbija\/wp-json\/wp\/v2\/product"}],"about":[{"href":"https:\/\/www.keramika.com\/srbija\/wp-json\/wp\/v2\/types\/product"}],"wp:featuredmedia":[{"embeddable":true,"href":"https:\/\/www.keramika.com\/srbija\/wp-json\/wp\/v2\/media\/96650"}],"wp:attachment":[{"href":"https:\/\/www.keramika.com\/srbija\/wp-json\/wp\/v2\/media?parent=96649"}],"wp:term":[{"taxonomy":"product_cat","embeddable":true,"href":"https:\/\/www.keramika.com\/srbija\/wp-json\/wp\/v2\/product_cat?post=96649"},{"taxonomy":"product_tag","embeddable":true,"href":"https:\/\/www.keramika.com\/srbija\/wp-json\/wp\/v2\/product_tag?post=96649"}],"curies":[{"name":"wp","href":"https:\/\/api.w.org\/{rel}","templated":true}]}}