{"id":96647,"date":"2017-07-02T13:43:15","date_gmt":"2017-07-02T13:43:15","guid":{"rendered":"http:\/\/www.ceramictiles.com\/srbija\/product\/plocice-za-kupatilo-natucer-formats-dia\/"},"modified":"2026-01-04T00:03:17","modified_gmt":"2026-01-04T00:03:17","slug":"plocice-za-kupatilo-natucer-formats-dia","status":"publish","type":"product","link":"https:\/\/www.keramika.com\/srbija\/plocice-za-kupatilo-natucer-formats-dia\/","title":{"rendered":"Plo\u010dice za kupatilo Natucer Formats Dia"},"content":{"rendered":"<p>Redovna cena, ovih plo\u010dica u maloprodaji je 12313,75 RSD. U na\u0161oj online trgovini, je mo\u017eete kupiti za 9850 RSD. Ove bele kerami\u010dke plo\u010dice, obogatit \u0107e svaki prostor. \u0160irina i du\u017eina plo\u010dice su 15&#215;50 cm. Natucer Formats Dia dolazi iz \u0160panije, koja je poznata po vrlo visokoj kvaliteta keramike u svetu. Ova plo\u010dica je debela mm i zato je izuzetno izdr\u017eljiva.<\/p>\n<p>Kliknite na ime serije za sve plo\u010dice u toj seriji: <a class=\"pdfcatal\" href=\"\/\/www.ceramictiles.com\/pdf\/natucer\/catalogue_natucer_formats.pdf\">Natucer Ceramica Formats<\/a><\/p>\n<p>Da bi naru\u010dili model iz PDF kataloga ove serije, molimo vas, da nas kontaktirate na: <a href=\"mailto:zo_mi@ceramictiles.com\">zo_mi@ceramictiles.com<\/a> ili nas pozovite na: For exact offer, PLS send us quantity and product you need with delivery address..<\/p>\n","protected":false},"excerpt":{"rendered":"<p>Redovna cena, ovih plo\u010dica u maloprodaji je 12313,75 RSD. U na\u0161oj online trgovini, je mo\u017eete kupiti za 9850 RSD. Ove bele kerami\u010dke plo\u010dice, obogatit \u0107e svaki prostor. \u0160irina i du\u017eina plo\u010dice su 15&#215;50 cm. Natucer Formats Dia dolazi iz \u0160panije, koja je poznata po vrlo visokoj kvaliteta keramike u svetu. Ova plo\u010dica je debela mm [&hellip;]<\/p>\n","protected":false},"featured_media":96648,"template":"","meta":[],"product_cat":[150,100,9991435,999,110,120],"product_tag":[],"_links":{"self":[{"href":"https:\/\/www.keramika.com\/srbija\/wp-json\/wp\/v2\/product\/96647"}],"collection":[{"href":"https:\/\/www.keramika.com\/srbija\/wp-json\/wp\/v2\/product"}],"about":[{"href":"https:\/\/www.keramika.com\/srbija\/wp-json\/wp\/v2\/types\/product"}],"wp:featuredmedia":[{"embeddable":true,"href":"https:\/\/www.keramika.com\/srbija\/wp-json\/wp\/v2\/media\/96648"}],"wp:attachment":[{"href":"https:\/\/www.keramika.com\/srbija\/wp-json\/wp\/v2\/media?parent=96647"}],"wp:term":[{"taxonomy":"product_cat","embeddable":true,"href":"https:\/\/www.keramika.com\/srbija\/wp-json\/wp\/v2\/product_cat?post=96647"},{"taxonomy":"product_tag","embeddable":true,"href":"https:\/\/www.keramika.com\/srbija\/wp-json\/wp\/v2\/product_tag?post=96647"}],"curies":[{"name":"wp","href":"https:\/\/api.w.org\/{rel}","templated":true}]}}