{"id":96645,"date":"2017-07-02T13:42:56","date_gmt":"2017-07-02T13:42:56","guid":{"rendered":"http:\/\/www.ceramictiles.com\/srbija\/product\/plocice-imitacija-drveta-natucer-filter-floor-tropical-forest-oak-plank\/"},"modified":"2026-01-04T00:03:17","modified_gmt":"2026-01-04T00:03:17","slug":"plocice-imitacija-drveta-natucer-filter-floor-tropical-forest-oak-plank","status":"publish","type":"product","link":"https:\/\/www.keramika.com\/srbija\/plocice-imitacija-drveta-natucer-filter-floor-tropical-forest-oak-plank\/","title":{"rendered":"Plo\u010dice imitacija drveta Natucer Filter Floor Tropical Forest Oak Plank"},"content":{"rendered":"<p>Veli\u010dina ove plo\u010dice je 36&#215;36 cm. Natucer Filter Floor je proizvod iz \u0160panije te je izuzetno kvalitetna. Zbog ni\u017eih tro\u0161kova, online prodaje, Vi \u0107e te na na\u0161oj strani ove plo\u010de platiti samo 10857,5 RSD. Plo\u010dice braon boje osvje\u017eit \u0107e svaki prostor. Ova plo\u010dica je debela mm i zato je izuzetno izdr\u017eljiva.<\/p>\n<p>Kliknite na ime serije za sve plo\u010dice u toj seriji: <a class=\"pdfcatal\" href=\"\/\/www.ceramictiles.com\/pdf\/natucer\/catalogue_natucer_filter_floor.pdf\">Natucer Ceramica Filter Floor<\/a><\/p>\n<p>Da bi naru\u010dili model iz PDF kataloga ove serije, molimo vas, da nas kontaktirate na: <a href=\"mailto:zo_mi@ceramictiles.com\">zo_mi@ceramictiles.com<\/a> ili nas pozovite na: For exact offer, PLS send us quantity and product you need with delivery address..<\/p>\n","protected":false},"excerpt":{"rendered":"<p>Veli\u010dina ove plo\u010dice je 36&#215;36 cm. Natucer Filter Floor je proizvod iz \u0160panije te je izuzetno kvalitetna. Zbog ni\u017eih tro\u0161kova, online prodaje, Vi \u0107e te na na\u0161oj strani ove plo\u010de platiti samo 10857,5 RSD. Plo\u010dice braon boje osvje\u017eit \u0107e svaki prostor. Ova plo\u010dica je debela mm i zato je izuzetno izdr\u017eljiva. Kliknite na ime serije [&hellip;]<\/p>\n","protected":false},"featured_media":96646,"template":"","meta":[],"product_cat":[150,100,9991435,999,110,120],"product_tag":[99950095],"_links":{"self":[{"href":"https:\/\/www.keramika.com\/srbija\/wp-json\/wp\/v2\/product\/96645"}],"collection":[{"href":"https:\/\/www.keramika.com\/srbija\/wp-json\/wp\/v2\/product"}],"about":[{"href":"https:\/\/www.keramika.com\/srbija\/wp-json\/wp\/v2\/types\/product"}],"wp:featuredmedia":[{"embeddable":true,"href":"https:\/\/www.keramika.com\/srbija\/wp-json\/wp\/v2\/media\/96646"}],"wp:attachment":[{"href":"https:\/\/www.keramika.com\/srbija\/wp-json\/wp\/v2\/media?parent=96645"}],"wp:term":[{"taxonomy":"product_cat","embeddable":true,"href":"https:\/\/www.keramika.com\/srbija\/wp-json\/wp\/v2\/product_cat?post=96645"},{"taxonomy":"product_tag","embeddable":true,"href":"https:\/\/www.keramika.com\/srbija\/wp-json\/wp\/v2\/product_tag?post=96645"}],"curies":[{"name":"wp","href":"https:\/\/api.w.org\/{rel}","templated":true}]}}