{"id":96639,"date":"2017-07-02T13:41:57","date_gmt":"2017-07-02T13:41:57","guid":{"rendered":"http:\/\/www.ceramictiles.com\/srbija\/product\/zidna-dekorativna-keramika-natucer-cube-gryzzly\/"},"modified":"2026-01-04T00:03:16","modified_gmt":"2026-01-04T00:03:16","slug":"zidna-dekorativna-keramika-natucer-cube-gryzzly","status":"publish","type":"product","link":"https:\/\/www.keramika.com\/srbija\/zidna-dekorativna-keramika-natucer-cube-gryzzly\/","title":{"rendered":"Zidna dekorativna keramika Natucer Cube Gryzzly"},"content":{"rendered":"<p>Plo\u010dice braon boje osvje\u017eit \u0107e svaki prostor. Ove plo\u010dice dolaze od proizvo\u0111a\u010da Natucer Ceramica, iz \u0160panije. 2970 RSD je redovna prodajna cena keramike, tu pa samo 2376,25 RSD. Ova plo\u010dica je debela mm i zato je izuzetno izdr\u017eljiva. Veli\u010dina plo\u010dice je 30&#215;60 cm i odli\u010dna je za razli\u010dite povr\u0161ine.<\/p>\n<p>Kliknite na ime serije za sve plo\u010dice u toj seriji: <a class=\"pdfcatal\" href=\"\/\/www.ceramictiles.com\/pdf\/natucer\/catalogue_natucer_cube.pdf\">Natucer Ceramica Cube<\/a><\/p>\n<p>Da bi naru\u010dili model iz PDF kataloga ove serije, molimo vas, da nas kontaktirate na: <a href=\"mailto:zo_mi@ceramictiles.com\">zo_mi@ceramictiles.com<\/a> ili nas pozovite na: For exact offer, PLS send us quantity and product you need with delivery address..<\/p>\n","protected":false},"excerpt":{"rendered":"<p>Plo\u010dice braon boje osvje\u017eit \u0107e svaki prostor. Ove plo\u010dice dolaze od proizvo\u0111a\u010da Natucer Ceramica, iz \u0160panije. 2970 RSD je redovna prodajna cena keramike, tu pa samo 2376,25 RSD. Ova plo\u010dica je debela mm i zato je izuzetno izdr\u017eljiva. Veli\u010dina plo\u010dice je 30&#215;60 cm i odli\u010dna je za razli\u010dite povr\u0161ine. Kliknite na ime serije za sve [&hellip;]<\/p>\n","protected":false},"featured_media":96640,"template":"","meta":[],"product_cat":[150,100,9991435,999,110,120],"product_tag":[],"_links":{"self":[{"href":"https:\/\/www.keramika.com\/srbija\/wp-json\/wp\/v2\/product\/96639"}],"collection":[{"href":"https:\/\/www.keramika.com\/srbija\/wp-json\/wp\/v2\/product"}],"about":[{"href":"https:\/\/www.keramika.com\/srbija\/wp-json\/wp\/v2\/types\/product"}],"wp:featuredmedia":[{"embeddable":true,"href":"https:\/\/www.keramika.com\/srbija\/wp-json\/wp\/v2\/media\/96640"}],"wp:attachment":[{"href":"https:\/\/www.keramika.com\/srbija\/wp-json\/wp\/v2\/media?parent=96639"}],"wp:term":[{"taxonomy":"product_cat","embeddable":true,"href":"https:\/\/www.keramika.com\/srbija\/wp-json\/wp\/v2\/product_cat?post=96639"},{"taxonomy":"product_tag","embeddable":true,"href":"https:\/\/www.keramika.com\/srbija\/wp-json\/wp\/v2\/product_tag?post=96639"}],"curies":[{"name":"wp","href":"https:\/\/api.w.org\/{rel}","templated":true}]}}