{"id":96637,"date":"2017-07-02T13:41:32","date_gmt":"2017-07-02T13:41:32","guid":{"rendered":"http:\/\/www.ceramictiles.com\/srbija\/product\/podne-plocice-natucer-cuarcita-gris\/"},"modified":"2026-01-04T00:03:16","modified_gmt":"2026-01-04T00:03:16","slug":"podne-plocice-natucer-cuarcita-gris","status":"publish","type":"product","link":"https:\/\/www.keramika.com\/srbija\/podne-plocice-natucer-cuarcita-gris\/","title":{"rendered":"Podne plo\u010dice Natucer Cuarcita Gris"},"content":{"rendered":"<p>Plo\u010dice dolaze iz \u0160panije, koja je poznata po kvalitetnoj keramiki. Plo\u010dica na sliki je 30&#215;30 cm. 4276,25 RSD je redovna prodajna cena keramike, tu pa samo 3421,25 RSD. Ova plo\u010dica je debela mm i zato je izuzetno izdr\u017eljiva. Ta kolekcija, model plo\u010dice, se prodaje najvi\u0161e sive boje.<\/p>\n<p>Kliknite na ime serije za sve plo\u010dice u toj seriji: <a class=\"pdfcatal\" href=\"\/\/www.ceramictiles.com\/pdf\/natucer\/catalogue_natucer_cuarcita.pdf\">Natucer Ceramica Cuarcita<\/a><\/p>\n<p>Da bi naru\u010dili model iz PDF kataloga ove serije, molimo vas, da nas kontaktirate na: <a href=\"mailto:zo_mi@ceramictiles.com\">zo_mi@ceramictiles.com<\/a> ili nas pozovite na: For exact offer, PLS send us quantity and product you need with delivery address..<\/p>\n","protected":false},"excerpt":{"rendered":"<p>Plo\u010dice dolaze iz \u0160panije, koja je poznata po kvalitetnoj keramiki. Plo\u010dica na sliki je 30&#215;30 cm. 4276,25 RSD je redovna prodajna cena keramike, tu pa samo 3421,25 RSD. Ova plo\u010dica je debela mm i zato je izuzetno izdr\u017eljiva. Ta kolekcija, model plo\u010dice, se prodaje najvi\u0161e sive boje. Kliknite na ime serije za sve plo\u010dice u [&hellip;]<\/p>\n","protected":false},"featured_media":96638,"template":"","meta":[],"product_cat":[150,100,9991435,999,110,120],"product_tag":[],"_links":{"self":[{"href":"https:\/\/www.keramika.com\/srbija\/wp-json\/wp\/v2\/product\/96637"}],"collection":[{"href":"https:\/\/www.keramika.com\/srbija\/wp-json\/wp\/v2\/product"}],"about":[{"href":"https:\/\/www.keramika.com\/srbija\/wp-json\/wp\/v2\/types\/product"}],"wp:featuredmedia":[{"embeddable":true,"href":"https:\/\/www.keramika.com\/srbija\/wp-json\/wp\/v2\/media\/96638"}],"wp:attachment":[{"href":"https:\/\/www.keramika.com\/srbija\/wp-json\/wp\/v2\/media?parent=96637"}],"wp:term":[{"taxonomy":"product_cat","embeddable":true,"href":"https:\/\/www.keramika.com\/srbija\/wp-json\/wp\/v2\/product_cat?post=96637"},{"taxonomy":"product_tag","embeddable":true,"href":"https:\/\/www.keramika.com\/srbija\/wp-json\/wp\/v2\/product_tag?post=96637"}],"curies":[{"name":"wp","href":"https:\/\/api.w.org\/{rel}","templated":true}]}}