{"id":96625,"date":"2017-07-02T13:39:28","date_gmt":"2017-07-02T13:39:28","guid":{"rendered":"http:\/\/www.ceramictiles.com\/srbija\/product\/plocice-natucer-bamboo-rubi\/"},"modified":"2026-01-04T00:03:15","modified_gmt":"2026-01-04T00:03:15","slug":"plocice-natucer-bamboo-rubi","status":"publish","type":"product","link":"https:\/\/www.keramika.com\/srbija\/plocice-natucer-bamboo-rubi\/","title":{"rendered":"Plo\u010dice Natucer Bamboo Rubi"},"content":{"rendered":"<p>Veli\u010dina 10&#215;30 cm je odli\u010dna za sve podloge. Debljina plo\u010dice, je vrlo va\u017ena mm i ubraja tu plo\u010dicu me\u0111u najkvalitetnije. Online cena je samo 1996,25 RSD, dok redovna, maloprodajna cena 2496,25 RSD. plo\u010dica proizvo\u0111a\u010da Natucer Ceramica iz \u0160panije. Plo\u010dice crvene boje osvje\u017eit \u0107e svaki prostor.<\/p>\n<p>Kliknite na ime serije za sve plo\u010dice u toj seriji: <a class=\"pdfcatal\" href=\"\/\/www.ceramictiles.com\/pdf\/natucer\/catalogue_natucer_bamboo.pdf\">Natucer Ceramica Bamboo<\/a><\/p>\n<p>Da bi naru\u010dili model iz PDF kataloga ove serije, molimo vas, da nas kontaktirate na: <a href=\"mailto:zo_mi@ceramictiles.com\">zo_mi@ceramictiles.com<\/a> ili nas pozovite na: For exact offer, PLS send us quantity and product you need with delivery address..<\/p>\n","protected":false},"excerpt":{"rendered":"<p>Veli\u010dina 10&#215;30 cm je odli\u010dna za sve podloge. Debljina plo\u010dice, je vrlo va\u017ena mm i ubraja tu plo\u010dicu me\u0111u najkvalitetnije. Online cena je samo 1996,25 RSD, dok redovna, maloprodajna cena 2496,25 RSD. plo\u010dica proizvo\u0111a\u010da Natucer Ceramica iz \u0160panije. Plo\u010dice crvene boje osvje\u017eit \u0107e svaki prostor. Kliknite na ime serije za sve plo\u010dice u toj seriji: [&hellip;]<\/p>\n","protected":false},"featured_media":96626,"template":"","meta":[],"product_cat":[150,100,9991435,999,110,120],"product_tag":[],"_links":{"self":[{"href":"https:\/\/www.keramika.com\/srbija\/wp-json\/wp\/v2\/product\/96625"}],"collection":[{"href":"https:\/\/www.keramika.com\/srbija\/wp-json\/wp\/v2\/product"}],"about":[{"href":"https:\/\/www.keramika.com\/srbija\/wp-json\/wp\/v2\/types\/product"}],"wp:featuredmedia":[{"embeddable":true,"href":"https:\/\/www.keramika.com\/srbija\/wp-json\/wp\/v2\/media\/96626"}],"wp:attachment":[{"href":"https:\/\/www.keramika.com\/srbija\/wp-json\/wp\/v2\/media?parent=96625"}],"wp:term":[{"taxonomy":"product_cat","embeddable":true,"href":"https:\/\/www.keramika.com\/srbija\/wp-json\/wp\/v2\/product_cat?post=96625"},{"taxonomy":"product_tag","embeddable":true,"href":"https:\/\/www.keramika.com\/srbija\/wp-json\/wp\/v2\/product_tag?post=96625"}],"curies":[{"name":"wp","href":"https:\/\/api.w.org\/{rel}","templated":true}]}}