{"id":96607,"date":"2017-07-02T13:36:24","date_gmt":"2017-07-02T13:36:24","guid":{"rendered":"http:\/\/www.ceramictiles.com\/srbija\/product\/mozaik-plocice-azuvi-perfection-black\/"},"modified":"2026-01-04T00:03:13","modified_gmt":"2026-01-04T00:03:13","slug":"mozaik-plocice-azuvi-perfection-black","status":"publish","type":"product","link":"https:\/\/www.keramika.com\/srbija\/mozaik-plocice-azuvi-perfection-black\/","title":{"rendered":"Mozaik plo\u010dice Azuvi Perfection Black"},"content":{"rendered":"<p>Ove plo\u010dice dolaze od proizvo\u0111a\u010da Azuvi Ceramica, iz \u0160panije. Dimenzije ovih plo\u010dica su 25&#215;40 cm. 10 mm debljina \u0107e zadovoljiti i najzahtevnije kupce. Ta kolekcija, model plo\u010dice, se prodaje najvi\u0161e crne boje. U maloprodaji bi morali za tu plo\u010dicu platiti 4060,65 RSD, online cena je samo 3248,75 RSD.<\/p>\n<p>Kliknite na ime serije za sve plo\u010dice u toj seriji: <a class=\"pdfcatal\" href=\"\/\/www.ceramictiles.com\/pdf\/azuvi\/catalogue_azuvi_perfection.pdf\" onclick=\"recordOutboundLink(this, 'E-mail', 'Description PDF');return false;\">Azuvi Ceramica Perfection<\/a><\/p>\n<p>Da bi naru\u010dili model iz PDF kataloga ove serije, molimo vas, da nas kontaktirate na: <a href=\"mailto:zo_mi@ceramictiles.com\" onclick=\"recordOutboundLink(this, 'E-mail', 'Description mail');return false;\">zo_mi@ceramictiles.com<\/a> ili nas pozovite na: For exact offer, PLS send us quantity and product you need with delivery address..<\/p>\n","protected":false},"excerpt":{"rendered":"<p>Ove plo\u010dice dolaze od proizvo\u0111a\u010da Azuvi Ceramica, iz \u0160panije. Dimenzije ovih plo\u010dica su 25&#215;40 cm. 10 mm debljina \u0107e zadovoljiti i najzahtevnije kupce. Ta kolekcija, model plo\u010dice, se prodaje najvi\u0161e crne boje. U maloprodaji bi morali za tu plo\u010dicu platiti 4060,65 RSD, online cena je samo 3248,75 RSD. Kliknite na ime serije za sve plo\u010dice [&hellip;]<\/p>\n","protected":false},"featured_media":96608,"template":"","meta":[],"product_cat":[99921412,200,999],"product_tag":[],"_links":{"self":[{"href":"https:\/\/www.keramika.com\/srbija\/wp-json\/wp\/v2\/product\/96607"}],"collection":[{"href":"https:\/\/www.keramika.com\/srbija\/wp-json\/wp\/v2\/product"}],"about":[{"href":"https:\/\/www.keramika.com\/srbija\/wp-json\/wp\/v2\/types\/product"}],"wp:featuredmedia":[{"embeddable":true,"href":"https:\/\/www.keramika.com\/srbija\/wp-json\/wp\/v2\/media\/96608"}],"wp:attachment":[{"href":"https:\/\/www.keramika.com\/srbija\/wp-json\/wp\/v2\/media?parent=96607"}],"wp:term":[{"taxonomy":"product_cat","embeddable":true,"href":"https:\/\/www.keramika.com\/srbija\/wp-json\/wp\/v2\/product_cat?post=96607"},{"taxonomy":"product_tag","embeddable":true,"href":"https:\/\/www.keramika.com\/srbija\/wp-json\/wp\/v2\/product_tag?post=96607"}],"curies":[{"name":"wp","href":"https:\/\/api.w.org\/{rel}","templated":true}]}}