{"id":96605,"date":"2017-07-02T13:36:06","date_gmt":"2017-07-02T13:36:06","guid":{"rendered":"http:\/\/www.ceramictiles.com\/srbija\/product\/zidne-plocice-azuvi-statuario\/"},"modified":"2026-01-04T00:03:13","modified_gmt":"2026-01-04T00:03:13","slug":"zidne-plocice-azuvi-statuario","status":"publish","type":"product","link":"https:\/\/www.keramika.com\/srbija\/zidne-plocice-azuvi-statuario\/","title":{"rendered":"Zidne plo\u010dice Azuvi Statuario"},"content":{"rendered":"<p>Plo\u010dice bele boje osvje\u017eit \u0107e svaki prostor. Debljina 10 mm \u010dini plo\u010dicu vrlo izdr\u017eljivom i prijatnom na dodir. Ove plo\u010dice dolaze od proizvo\u0111a\u010da Azuvi Ceramica, iz \u0160panije. Veli\u010dina 30&#215;90 cm je odli\u010dna za sve podloge. Redovna cena, ovih plo\u010dica u maloprodaji je 5080,7 RSD. U na\u0161oj online trgovini, je mo\u017eete kupiti za 4064,1 RSD.<\/p>\n<p>Kliknite na ime serije za sve plo\u010dice u toj seriji: <a class=\"pdfcatal\" href=\"\/\/www.ceramictiles.com\/pdf\/azuvi\/catalogue_azuvi_luxury_marbles_and_stones.pdf\" onclick=\"recordOutboundLink(this, 'E-mail', 'Description PDF');return false;\">Azuvi Ceramica Luxury Marbles and Stones<\/a><\/p>\n<p>Da bi naru\u010dili model iz PDF kataloga ove serije, molimo vas, da nas kontaktirate na: <a href=\"mailto:zo_mi@ceramictiles.com\" onclick=\"recordOutboundLink(this, 'E-mail', 'Description mail');return false;\">zo_mi@ceramictiles.com<\/a> ili nas pozovite na: For exact offer, PLS send us quantity and product you need with delivery address..<\/p>\n","protected":false},"excerpt":{"rendered":"<p>Plo\u010dice bele boje osvje\u017eit \u0107e svaki prostor. Debljina 10 mm \u010dini plo\u010dicu vrlo izdr\u017eljivom i prijatnom na dodir. Ove plo\u010dice dolaze od proizvo\u0111a\u010da Azuvi Ceramica, iz \u0160panije. Veli\u010dina 30&#215;90 cm je odli\u010dna za sve podloge. Redovna cena, ovih plo\u010dica u maloprodaji je 5080,7 RSD. U na\u0161oj online trgovini, je mo\u017eete kupiti za 4064,1 RSD. Kliknite [&hellip;]<\/p>\n","protected":false},"featured_media":96606,"template":"","meta":[],"product_cat":[99921412,200,999],"product_tag":[],"_links":{"self":[{"href":"https:\/\/www.keramika.com\/srbija\/wp-json\/wp\/v2\/product\/96605"}],"collection":[{"href":"https:\/\/www.keramika.com\/srbija\/wp-json\/wp\/v2\/product"}],"about":[{"href":"https:\/\/www.keramika.com\/srbija\/wp-json\/wp\/v2\/types\/product"}],"wp:featuredmedia":[{"embeddable":true,"href":"https:\/\/www.keramika.com\/srbija\/wp-json\/wp\/v2\/media\/96606"}],"wp:attachment":[{"href":"https:\/\/www.keramika.com\/srbija\/wp-json\/wp\/v2\/media?parent=96605"}],"wp:term":[{"taxonomy":"product_cat","embeddable":true,"href":"https:\/\/www.keramika.com\/srbija\/wp-json\/wp\/v2\/product_cat?post=96605"},{"taxonomy":"product_tag","embeddable":true,"href":"https:\/\/www.keramika.com\/srbija\/wp-json\/wp\/v2\/product_tag?post=96605"}],"curies":[{"name":"wp","href":"https:\/\/api.w.org\/{rel}","templated":true}]}}