{"id":96601,"date":"2017-07-02T13:35:27","date_gmt":"2017-07-02T13:35:27","guid":{"rendered":"http:\/\/www.ceramictiles.com\/srbija\/product\/zidne-plocice-azuvi-fatima-mud\/"},"modified":"2026-01-04T00:03:12","modified_gmt":"2026-01-04T00:03:12","slug":"zidne-plocice-azuvi-fatima-mud","status":"publish","type":"product","link":"https:\/\/www.keramika.com\/srbija\/zidne-plocice-azuvi-fatima-mud\/","title":{"rendered":"Zidne plo\u010dice Azuvi Fatima Mud"},"content":{"rendered":"<p>Plo\u010dice be\u017e boje osvje\u017eit \u0107e svaki prostor. 10 mm debljine je dovoljno za zahtevnije kupce. plo\u010dica proizvo\u0111a\u010da Azuvi Ceramica iz \u0160panije. Redovna cena, ovih plo\u010dica u maloprodaji je 5080,7 RSD. U na\u0161oj online trgovini, je mo\u017eete kupiti za 4064,1 RSD. Veli\u010dina plo\u010dice je 30&#215;90 cm i odli\u010dna je za razli\u010dite povr\u0161ine.<\/p>\n<p>Kliknite na ime serije za sve plo\u010dice u toj seriji: <a class=\"pdfcatal\" href=\"\/\/www.ceramictiles.com\/pdf\/azuvi\/catalogue_azuvi_fatima.pdf\" onclick=\"recordOutboundLink(this, 'E-mail', 'Description PDF');return false;\">Azuvi Ceramica Fatima<\/a><\/p>\n<p>Da bi naru\u010dili model iz PDF kataloga ove serije, molimo vas, da nas kontaktirate na: <a href=\"mailto:zo_mi@ceramictiles.com\" onclick=\"recordOutboundLink(this, 'E-mail', 'Description mail');return false;\">zo_mi@ceramictiles.com<\/a> ili nas pozovite na: For exact offer, PLS send us quantity and product you need with delivery address..<\/p>\n","protected":false},"excerpt":{"rendered":"<p>Plo\u010dice be\u017e boje osvje\u017eit \u0107e svaki prostor. 10 mm debljine je dovoljno za zahtevnije kupce. plo\u010dica proizvo\u0111a\u010da Azuvi Ceramica iz \u0160panije. Redovna cena, ovih plo\u010dica u maloprodaji je 5080,7 RSD. U na\u0161oj online trgovini, je mo\u017eete kupiti za 4064,1 RSD. Veli\u010dina plo\u010dice je 30&#215;90 cm i odli\u010dna je za razli\u010dite povr\u0161ine. Kliknite na ime serije [&hellip;]<\/p>\n","protected":false},"featured_media":96602,"template":"","meta":[],"product_cat":[99921412,200,999],"product_tag":[],"_links":{"self":[{"href":"https:\/\/www.keramika.com\/srbija\/wp-json\/wp\/v2\/product\/96601"}],"collection":[{"href":"https:\/\/www.keramika.com\/srbija\/wp-json\/wp\/v2\/product"}],"about":[{"href":"https:\/\/www.keramika.com\/srbija\/wp-json\/wp\/v2\/types\/product"}],"wp:featuredmedia":[{"embeddable":true,"href":"https:\/\/www.keramika.com\/srbija\/wp-json\/wp\/v2\/media\/96602"}],"wp:attachment":[{"href":"https:\/\/www.keramika.com\/srbija\/wp-json\/wp\/v2\/media?parent=96601"}],"wp:term":[{"taxonomy":"product_cat","embeddable":true,"href":"https:\/\/www.keramika.com\/srbija\/wp-json\/wp\/v2\/product_cat?post=96601"},{"taxonomy":"product_tag","embeddable":true,"href":"https:\/\/www.keramika.com\/srbija\/wp-json\/wp\/v2\/product_tag?post=96601"}],"curies":[{"name":"wp","href":"https:\/\/api.w.org\/{rel}","templated":true}]}}