{"id":96599,"date":"2017-07-02T13:35:05","date_gmt":"2017-07-02T13:35:05","guid":{"rendered":"http:\/\/www.ceramictiles.com\/srbija\/product\/zidne-plocice-azuvi-electra-panna\/"},"modified":"2026-01-04T00:03:12","modified_gmt":"2026-01-04T00:03:12","slug":"zidne-plocice-azuvi-electra-panna","status":"publish","type":"product","link":"https:\/\/www.keramika.com\/srbija\/zidne-plocice-azuvi-electra-panna\/","title":{"rendered":"Zidne plo\u010dice Azuvi Electra Panna"},"content":{"rendered":"<p>Azuvi Electra Panna je proizvod iz \u0160panije te je izuzetno kvalitetna. Dimenzije ovih plo\u010dica su 7,5&#215;15 cm. 8269,65 RSD je redovna prodajna cena keramike, tu pa samo 6615,95 RSD. Ove bele kerami\u010dke plo\u010dice, obogatit \u0107e svaki prostor. 10 mm debljine je dovoljno za zahtevnije kupce.<\/p>\n<p>Kliknite na ime serije za sve plo\u010dice u toj seriji: <a class=\"pdfcatal\" href=\"\/\/www.ceramictiles.com\/pdf\/azuvi\/catalogue_azuvi_electra.pdf\" onclick=\"recordOutboundLink(this, 'E-mail', 'Description PDF');return false;\">Azuvi Ceramica Electra<\/a><\/p>\n<p>Da bi naru\u010dili model iz PDF kataloga ove serije, molimo vas, da nas kontaktirate na: <a href=\"mailto:zo_mi@ceramictiles.com\" onclick=\"recordOutboundLink(this, 'E-mail', 'Description mail');return false;\">zo_mi@ceramictiles.com<\/a> ili nas pozovite na: For exact offer, PLS send us quantity and product you need with delivery address..<\/p>\n","protected":false},"excerpt":{"rendered":"<p>Azuvi Electra Panna je proizvod iz \u0160panije te je izuzetno kvalitetna. Dimenzije ovih plo\u010dica su 7,5&#215;15 cm. 8269,65 RSD je redovna prodajna cena keramike, tu pa samo 6615,95 RSD. Ove bele kerami\u010dke plo\u010dice, obogatit \u0107e svaki prostor. 10 mm debljine je dovoljno za zahtevnije kupce. Kliknite na ime serije za sve plo\u010dice u toj seriji: [&hellip;]<\/p>\n","protected":false},"featured_media":96600,"template":"","meta":[],"product_cat":[99921412,200,999],"product_tag":[],"_links":{"self":[{"href":"https:\/\/www.keramika.com\/srbija\/wp-json\/wp\/v2\/product\/96599"}],"collection":[{"href":"https:\/\/www.keramika.com\/srbija\/wp-json\/wp\/v2\/product"}],"about":[{"href":"https:\/\/www.keramika.com\/srbija\/wp-json\/wp\/v2\/types\/product"}],"wp:featuredmedia":[{"embeddable":true,"href":"https:\/\/www.keramika.com\/srbija\/wp-json\/wp\/v2\/media\/96600"}],"wp:attachment":[{"href":"https:\/\/www.keramika.com\/srbija\/wp-json\/wp\/v2\/media?parent=96599"}],"wp:term":[{"taxonomy":"product_cat","embeddable":true,"href":"https:\/\/www.keramika.com\/srbija\/wp-json\/wp\/v2\/product_cat?post=96599"},{"taxonomy":"product_tag","embeddable":true,"href":"https:\/\/www.keramika.com\/srbija\/wp-json\/wp\/v2\/product_tag?post=96599"}],"curies":[{"name":"wp","href":"https:\/\/api.w.org\/{rel}","templated":true}]}}