{"id":96597,"date":"2017-07-02T13:34:44","date_gmt":"2017-07-02T13:34:44","guid":{"rendered":"http:\/\/www.ceramictiles.com\/srbija\/product\/zidna-dekorativna-keramika-azuvi-deco-pearl\/"},"modified":"2026-01-04T00:03:12","modified_gmt":"2026-01-04T00:03:12","slug":"zidna-dekorativna-keramika-azuvi-deco-pearl","status":"publish","type":"product","link":"https:\/\/www.keramika.com\/srbija\/zidna-dekorativna-keramika-azuvi-deco-pearl\/","title":{"rendered":"Zidna dekorativna keramika Azuvi Deco Pearl"},"content":{"rendered":"<p>Ova plo\u010dica je debela 10 mm i zato je izuzetno izdr\u017eljiva. Veli\u010dina plo\u010dice je 20&#215;20 cm i odli\u010dna je za razli\u010dite povr\u0161ine. Ove plo\u010dice dolaze od proizvo\u0111a\u010da Azuvi Ceramica, iz \u0160panije. Izuzetno moderne plo\u010dice bele boje, osve\u017eit \u0107e svaki prostor. 3274,05 RSD je redovna prodajna cena keramike, tu pa samo 2619,7 RSD.<\/p>\n<p>Kliknite na ime serije za sve plo\u010dice u toj seriji: <a class=\"pdfcatal\" href=\"\/\/www.ceramictiles.com\/pdf\/azuvi\/catalogue_azuvi_deco.pdf\" onclick=\"recordOutboundLink(this, 'E-mail', 'Description PDF');return false;\">Azuvi Ceramica Deco<\/a><\/p>\n<p>Da bi naru\u010dili model iz PDF kataloga ove serije, molimo vas, da nas kontaktirate na: <a href=\"mailto:zo_mi@ceramictiles.com\" onclick=\"recordOutboundLink(this, 'E-mail', 'Description mail');return false;\">zo_mi@ceramictiles.com<\/a> ili nas pozovite na: For exact offer, PLS send us quantity and product you need with delivery address..<\/p>\n","protected":false},"excerpt":{"rendered":"<p>Ova plo\u010dica je debela 10 mm i zato je izuzetno izdr\u017eljiva. Veli\u010dina plo\u010dice je 20&#215;20 cm i odli\u010dna je za razli\u010dite povr\u0161ine. Ove plo\u010dice dolaze od proizvo\u0111a\u010da Azuvi Ceramica, iz \u0160panije. Izuzetno moderne plo\u010dice bele boje, osve\u017eit \u0107e svaki prostor. 3274,05 RSD je redovna prodajna cena keramike, tu pa samo 2619,7 RSD. Kliknite na ime [&hellip;]<\/p>\n","protected":false},"featured_media":96598,"template":"","meta":[],"product_cat":[99921412,200,999],"product_tag":[],"_links":{"self":[{"href":"https:\/\/www.keramika.com\/srbija\/wp-json\/wp\/v2\/product\/96597"}],"collection":[{"href":"https:\/\/www.keramika.com\/srbija\/wp-json\/wp\/v2\/product"}],"about":[{"href":"https:\/\/www.keramika.com\/srbija\/wp-json\/wp\/v2\/types\/product"}],"wp:featuredmedia":[{"embeddable":true,"href":"https:\/\/www.keramika.com\/srbija\/wp-json\/wp\/v2\/media\/96598"}],"wp:attachment":[{"href":"https:\/\/www.keramika.com\/srbija\/wp-json\/wp\/v2\/media?parent=96597"}],"wp:term":[{"taxonomy":"product_cat","embeddable":true,"href":"https:\/\/www.keramika.com\/srbija\/wp-json\/wp\/v2\/product_cat?post=96597"},{"taxonomy":"product_tag","embeddable":true,"href":"https:\/\/www.keramika.com\/srbija\/wp-json\/wp\/v2\/product_tag?post=96597"}],"curies":[{"name":"wp","href":"https:\/\/api.w.org\/{rel}","templated":true}]}}