{"id":96571,"date":"2017-07-02T13:30:19","date_gmt":"2017-07-02T13:30:19","guid":{"rendered":"http:\/\/www.ceramictiles.com\/srbija\/product\/pamesa-pireo-marfil\/"},"modified":"2026-01-04T00:03:09","modified_gmt":"2026-01-04T00:03:09","slug":"pamesa-pireo-marfil","status":"publish","type":"product","link":"https:\/\/www.keramika.com\/srbija\/pamesa-pireo-marfil\/","title":{"rendered":"Pamesa Pireo Marfil"},"content":{"rendered":"<p>Ta kolekcija, model plo\u010dice, se prodaje najvi\u0161e be\u017e boje. Veli\u010dina plo\u010dice je 31,6&#215;45 cm i odli\u010dna je za razli\u010dite povr\u0161ine. Plo\u010dice dolaze iz \u0160panije, koja je poznata po kvalitetnoj keramiki. Redovna cena, ovih plo\u010dica u maloprodaji je 3141,8 RSD. U na\u0161oj online trgovini, je mo\u017eete kupiti za 2513,9 RSD. 9 mm debljina \u0107e zadovoljiti i najzahtevnije kupce.<\/p>\n<p>Kliknite na ime serije za sve plo\u010dice u toj seriji: <a class=\"pdfcatal\" href=\"\/\/www.ceramictiles.com\/pdf\/pamesa\/catalogue_pamesa_pireo.pdf\" onclick=\"recordOutboundLink(this, 'E-mail', 'Description PDF');return false;\">Pamesa Ceramica Pireo<\/a><\/p>\n<p>Da bi naru\u010dili model iz PDF kataloga ove serije, molimo vas, da nas kontaktirate na: <a href=\"mailto:zo_mi@ceramictiles.com\" onclick=\"recordOutboundLink(this, 'E-mail', 'Description mail');return false;\">zo_mi@ceramictiles.com<\/a> ili nas pozovite na: For exact offer, PLS send us quantity and product you need with delivery address..<\/p>\n<p>Technical description: 31,6&#215;45,2<\/p>\n","protected":false},"excerpt":{"rendered":"<p>Ta kolekcija, model plo\u010dice, se prodaje najvi\u0161e be\u017e boje. Veli\u010dina plo\u010dice je 31,6&#215;45 cm i odli\u010dna je za razli\u010dite povr\u0161ine. Plo\u010dice dolaze iz \u0160panije, koja je poznata po kvalitetnoj keramiki. Redovna cena, ovih plo\u010dica u maloprodaji je 3141,8 RSD. U na\u0161oj online trgovini, je mo\u017eete kupiti za 2513,9 RSD. 9 mm debljina \u0107e zadovoljiti i [&hellip;]<\/p>\n","protected":false},"featured_media":96572,"template":"","meta":[],"product_cat":[200,999107,999],"product_tag":[],"_links":{"self":[{"href":"https:\/\/www.keramika.com\/srbija\/wp-json\/wp\/v2\/product\/96571"}],"collection":[{"href":"https:\/\/www.keramika.com\/srbija\/wp-json\/wp\/v2\/product"}],"about":[{"href":"https:\/\/www.keramika.com\/srbija\/wp-json\/wp\/v2\/types\/product"}],"wp:featuredmedia":[{"embeddable":true,"href":"https:\/\/www.keramika.com\/srbija\/wp-json\/wp\/v2\/media\/96572"}],"wp:attachment":[{"href":"https:\/\/www.keramika.com\/srbija\/wp-json\/wp\/v2\/media?parent=96571"}],"wp:term":[{"taxonomy":"product_cat","embeddable":true,"href":"https:\/\/www.keramika.com\/srbija\/wp-json\/wp\/v2\/product_cat?post=96571"},{"taxonomy":"product_tag","embeddable":true,"href":"https:\/\/www.keramika.com\/srbija\/wp-json\/wp\/v2\/product_tag?post=96571"}],"curies":[{"name":"wp","href":"https:\/\/api.w.org\/{rel}","templated":true}]}}