{"id":96569,"date":"2017-07-02T13:29:56","date_gmt":"2017-07-02T13:29:56","guid":{"rendered":"http:\/\/www.ceramictiles.com\/srbija\/product\/pamesa-petra-cuadro-marfil\/"},"modified":"2026-01-04T00:03:08","modified_gmt":"2026-01-04T00:03:08","slug":"pamesa-petra-cuadro-marfil","status":"publish","type":"product","link":"https:\/\/www.keramika.com\/srbija\/pamesa-petra-cuadro-marfil\/","title":{"rendered":"Pamesa Petra Cuadro Marfil"},"content":{"rendered":"<p>plo\u010dica proizvo\u0111a\u010da Pamesa Ceramica iz \u0160panije. Redovna cena, ovih plo\u010dica u maloprodaji je 3141,8 RSD. U na\u0161oj online trgovini, je mo\u017eete kupiti za 2513,9 RSD. Veli\u010dina ove plo\u010dice je 45&#215;45 cm. Ta kolekcija, model plo\u010dice, se prodaje najvi\u0161e be\u017e boje. 9 mm debljina \u0107e zadovoljiti i najzahtevnije kupce.<\/p>\n<p>Kliknite na ime serije za sve plo\u010dice u toj seriji: <a class=\"pdfcatal\" href=\"\/\/www.ceramictiles.com\/pdf\/pamesa\/catalogue_pamesa_petra_cuadro.pdf\" onclick=\"recordOutboundLink(this, 'E-mail', 'Description PDF');return false;\">Pamesa Ceramica Petra Cuadro<\/a><\/p>\n<p>Da bi naru\u010dili model iz PDF kataloga ove serije, molimo vas, da nas kontaktirate na: <a href=\"mailto:zo_mi@ceramictiles.com\" onclick=\"recordOutboundLink(this, 'E-mail', 'Description mail');return false;\">zo_mi@ceramictiles.com<\/a> ili nas pozovite na: For exact offer, PLS send us quantity and product you need with delivery address..<\/p>\n","protected":false},"excerpt":{"rendered":"<p>plo\u010dica proizvo\u0111a\u010da Pamesa Ceramica iz \u0160panije. Redovna cena, ovih plo\u010dica u maloprodaji je 3141,8 RSD. U na\u0161oj online trgovini, je mo\u017eete kupiti za 2513,9 RSD. Veli\u010dina ove plo\u010dice je 45&#215;45 cm. Ta kolekcija, model plo\u010dice, se prodaje najvi\u0161e be\u017e boje. 9 mm debljina \u0107e zadovoljiti i najzahtevnije kupce. Kliknite na ime serije za sve plo\u010dice [&hellip;]<\/p>\n","protected":false},"featured_media":96570,"template":"","meta":[],"product_cat":[200,999107,999],"product_tag":[],"_links":{"self":[{"href":"https:\/\/www.keramika.com\/srbija\/wp-json\/wp\/v2\/product\/96569"}],"collection":[{"href":"https:\/\/www.keramika.com\/srbija\/wp-json\/wp\/v2\/product"}],"about":[{"href":"https:\/\/www.keramika.com\/srbija\/wp-json\/wp\/v2\/types\/product"}],"wp:featuredmedia":[{"embeddable":true,"href":"https:\/\/www.keramika.com\/srbija\/wp-json\/wp\/v2\/media\/96570"}],"wp:attachment":[{"href":"https:\/\/www.keramika.com\/srbija\/wp-json\/wp\/v2\/media?parent=96569"}],"wp:term":[{"taxonomy":"product_cat","embeddable":true,"href":"https:\/\/www.keramika.com\/srbija\/wp-json\/wp\/v2\/product_cat?post=96569"},{"taxonomy":"product_tag","embeddable":true,"href":"https:\/\/www.keramika.com\/srbija\/wp-json\/wp\/v2\/product_tag?post=96569"}],"curies":[{"name":"wp","href":"https:\/\/api.w.org\/{rel}","templated":true}]}}