{"id":96545,"date":"2017-07-02T13:26:02","date_gmt":"2017-07-02T13:26:02","guid":{"rendered":"http:\/\/www.ceramictiles.com\/srbija\/product\/pamesa-torcello-blanco\/"},"modified":"2026-01-04T00:03:05","modified_gmt":"2026-01-04T00:03:05","slug":"pamesa-torcello-blanco","status":"publish","type":"product","link":"https:\/\/www.keramika.com\/srbija\/pamesa-torcello-blanco\/","title":{"rendered":"Pamesa Torcello Blanco"},"content":{"rendered":"<p>Plo\u010dica na sliki je 20&#215;45,2 cm. Pamesa Torcello Blanco dolazi iz \u0160panije, koja je poznata po vrlo visokoj kvaliteta keramike u svetu. U izboru plo\u010dica bele boje, ne mo\u017eete pogre\u0161iti. Pamesa Torcello Blanco je dostupna po vrlo povoljnim cenama 2649,6 RSD. Plo\u010dica je debela 9 mm, \u0161to je ubraja u tvrde plo\u010dice.<\/p>\n<p>Kliknite na ime serije za sve plo\u010dice u toj seriji: <a class=\"pdfcatal\" href=\"\/\/www.ceramictiles.com\/pdf\/pamesa\/catalogue_pamesa_torcello.pdf\" onclick=\"recordOutboundLink(this, 'E-mail', 'Description PDF');return false;\">Pamesa Ceramica Torcello<\/a><\/p>\n<p>Da bi naru\u010dili model iz PDF kataloga ove serije, molimo vas, da nas kontaktirate na: <a href=\"mailto:zo_mi@ceramictiles.com\" onclick=\"recordOutboundLink(this, 'E-mail', 'Description mail');return false;\">zo_mi@ceramictiles.com<\/a> ili nas pozovite na: For exact offer, PLS send us quantity and product you need with delivery address..<\/p>\n","protected":false},"excerpt":{"rendered":"<p>Plo\u010dica na sliki je 20&#215;45,2 cm. Pamesa Torcello Blanco dolazi iz \u0160panije, koja je poznata po vrlo visokoj kvaliteta keramike u svetu. U izboru plo\u010dica bele boje, ne mo\u017eete pogre\u0161iti. Pamesa Torcello Blanco je dostupna po vrlo povoljnim cenama 2649,6 RSD. Plo\u010dica je debela 9 mm, \u0161to je ubraja u tvrde plo\u010dice. Kliknite na ime [&hellip;]<\/p>\n","protected":false},"featured_media":96546,"template":"","meta":[],"product_cat":[200,999107,999],"product_tag":[],"_links":{"self":[{"href":"https:\/\/www.keramika.com\/srbija\/wp-json\/wp\/v2\/product\/96545"}],"collection":[{"href":"https:\/\/www.keramika.com\/srbija\/wp-json\/wp\/v2\/product"}],"about":[{"href":"https:\/\/www.keramika.com\/srbija\/wp-json\/wp\/v2\/types\/product"}],"wp:featuredmedia":[{"embeddable":true,"href":"https:\/\/www.keramika.com\/srbija\/wp-json\/wp\/v2\/media\/96546"}],"wp:attachment":[{"href":"https:\/\/www.keramika.com\/srbija\/wp-json\/wp\/v2\/media?parent=96545"}],"wp:term":[{"taxonomy":"product_cat","embeddable":true,"href":"https:\/\/www.keramika.com\/srbija\/wp-json\/wp\/v2\/product_cat?post=96545"},{"taxonomy":"product_tag","embeddable":true,"href":"https:\/\/www.keramika.com\/srbija\/wp-json\/wp\/v2\/product_tag?post=96545"}],"curies":[{"name":"wp","href":"https:\/\/api.w.org\/{rel}","templated":true}]}}