{"id":96531,"date":"2017-07-02T13:23:44","date_gmt":"2017-07-02T13:23:44","guid":{"rendered":"http:\/\/www.ceramictiles.com\/srbija\/product\/pamesa-fura\/"},"modified":"2026-01-04T00:03:03","modified_gmt":"2026-01-04T00:03:03","slug":"pamesa-fura","status":"publish","type":"product","link":"https:\/\/www.keramika.com\/srbija\/pamesa-fura\/","title":{"rendered":"Pamesa Fura"},"content":{"rendered":"<p>U izboru plo\u010dica be\u017e boje, ne mo\u017eete pogre\u0161iti. Zbog ni\u017eih tro\u0161kova, online prodaje, Vi \u0107e te na na\u0161oj strani ove plo\u010de platiti samo 2815,2 RSD. plo\u010dica proizvo\u0111a\u010da Pamesa Ceramica iz \u0160panije. Plo\u010dica je debela 9 mm, \u0161to je ubraja u tvrde plo\u010dice. Plo\u010dica na sliki je 45&#215;45 cm.<\/p>\n<p>Kliknite na ime serije za sve plo\u010dice u toj seriji: <a class=\"pdfcatal\" href=\"\/\/www.ceramictiles.com\/pdf\/pamesa\/catalogue_pamesa_fura.pdf\" onclick=\"recordOutboundLink(this, 'E-mail', 'Description PDF');return false;\">Pamesa Ceramica Fura<\/a><\/p>\n<p>Da bi naru\u010dili model iz PDF kataloga ove serije, molimo vas, da nas kontaktirate na: <a href=\"mailto:zo_mi@ceramictiles.com\" onclick=\"recordOutboundLink(this, 'E-mail', 'Description mail');return false;\">zo_mi@ceramictiles.com<\/a> ili nas pozovite na: For exact offer, PLS send us quantity and product you need with delivery address..<\/p>\n","protected":false},"excerpt":{"rendered":"<p>U izboru plo\u010dica be\u017e boje, ne mo\u017eete pogre\u0161iti. Zbog ni\u017eih tro\u0161kova, online prodaje, Vi \u0107e te na na\u0161oj strani ove plo\u010de platiti samo 2815,2 RSD. plo\u010dica proizvo\u0111a\u010da Pamesa Ceramica iz \u0160panije. Plo\u010dica je debela 9 mm, \u0161to je ubraja u tvrde plo\u010dice. Plo\u010dica na sliki je 45&#215;45 cm. Kliknite na ime serije za sve plo\u010dice [&hellip;]<\/p>\n","protected":false},"featured_media":96532,"template":"","meta":[],"product_cat":[200,999107,999],"product_tag":[],"_links":{"self":[{"href":"https:\/\/www.keramika.com\/srbija\/wp-json\/wp\/v2\/product\/96531"}],"collection":[{"href":"https:\/\/www.keramika.com\/srbija\/wp-json\/wp\/v2\/product"}],"about":[{"href":"https:\/\/www.keramika.com\/srbija\/wp-json\/wp\/v2\/types\/product"}],"wp:featuredmedia":[{"embeddable":true,"href":"https:\/\/www.keramika.com\/srbija\/wp-json\/wp\/v2\/media\/96532"}],"wp:attachment":[{"href":"https:\/\/www.keramika.com\/srbija\/wp-json\/wp\/v2\/media?parent=96531"}],"wp:term":[{"taxonomy":"product_cat","embeddable":true,"href":"https:\/\/www.keramika.com\/srbija\/wp-json\/wp\/v2\/product_cat?post=96531"},{"taxonomy":"product_tag","embeddable":true,"href":"https:\/\/www.keramika.com\/srbija\/wp-json\/wp\/v2\/product_tag?post=96531"}],"curies":[{"name":"wp","href":"https:\/\/api.w.org\/{rel}","templated":true}]}}