{"id":96529,"date":"2017-07-02T13:23:25","date_gmt":"2017-07-02T13:23:25","guid":{"rendered":"http:\/\/www.ceramictiles.com\/srbija\/product\/pamesa-cuneo-relieve-arce\/"},"modified":"2026-01-04T00:03:03","modified_gmt":"2026-01-04T00:03:03","slug":"pamesa-cuneo-relieve-arce","status":"publish","type":"product","link":"https:\/\/www.keramika.com\/srbija\/pamesa-cuneo-relieve-arce\/","title":{"rendered":"Pamesa Cuneo Relieve Arce"},"content":{"rendered":"<p>\u0160irina i du\u017eina plo\u010dice su 31,6&#215;45 cm. Plo\u010dica je debela 9 mm, \u0161to je ubraja u tvrde plo\u010dice. Pamesa Cuneo Relieve Arce je proizvod iz \u0160panije te je izuzetno kvalitetna. Online cena je samo 2815,2 RSD, dok redovna, maloprodajna cena 3519 RSD. Keramika je prekrasne be\u017e boje. U koliko \u017eelite neku drugu boju, pozovite nas i mi \u0107emo proveriti kod proizvo\u0111a\u010da.<\/p>\n<p>Kliknite na ime serije za sve plo\u010dice u toj seriji: <a class=\"pdfcatal\" href=\"\/\/www.ceramictiles.com\/pdf\/pamesa\/catalogue_pamesa_cuneo_rlv.pdf\" onclick=\"recordOutboundLink(this, 'E-mail', 'Description PDF');return false;\">Pamesa Ceramica Cuneo Rlv<\/a><\/p>\n<p>Da bi naru\u010dili model iz PDF kataloga ove serije, molimo vas, da nas kontaktirate na: <a href=\"mailto:zo_mi@ceramictiles.com\" onclick=\"recordOutboundLink(this, 'E-mail', 'Description mail');return false;\">zo_mi@ceramictiles.com<\/a> ili nas pozovite na: For exact offer, PLS send us quantity and product you need with delivery address..<\/p>\n<p>Technical description: 31,6&#215;45,2<\/p>\n","protected":false},"excerpt":{"rendered":"<p>\u0160irina i du\u017eina plo\u010dice su 31,6&#215;45 cm. Plo\u010dica je debela 9 mm, \u0161to je ubraja u tvrde plo\u010dice. Pamesa Cuneo Relieve Arce je proizvod iz \u0160panije te je izuzetno kvalitetna. Online cena je samo 2815,2 RSD, dok redovna, maloprodajna cena 3519 RSD. Keramika je prekrasne be\u017e boje. U koliko \u017eelite neku drugu boju, pozovite nas [&hellip;]<\/p>\n","protected":false},"featured_media":96530,"template":"","meta":[],"product_cat":[200,999107,999],"product_tag":[],"_links":{"self":[{"href":"https:\/\/www.keramika.com\/srbija\/wp-json\/wp\/v2\/product\/96529"}],"collection":[{"href":"https:\/\/www.keramika.com\/srbija\/wp-json\/wp\/v2\/product"}],"about":[{"href":"https:\/\/www.keramika.com\/srbija\/wp-json\/wp\/v2\/types\/product"}],"wp:featuredmedia":[{"embeddable":true,"href":"https:\/\/www.keramika.com\/srbija\/wp-json\/wp\/v2\/media\/96530"}],"wp:attachment":[{"href":"https:\/\/www.keramika.com\/srbija\/wp-json\/wp\/v2\/media?parent=96529"}],"wp:term":[{"taxonomy":"product_cat","embeddable":true,"href":"https:\/\/www.keramika.com\/srbija\/wp-json\/wp\/v2\/product_cat?post=96529"},{"taxonomy":"product_tag","embeddable":true,"href":"https:\/\/www.keramika.com\/srbija\/wp-json\/wp\/v2\/product_tag?post=96529"}],"curies":[{"name":"wp","href":"https:\/\/api.w.org\/{rel}","templated":true}]}}