{"id":96525,"date":"2017-07-02T13:22:44","date_gmt":"2017-07-02T13:22:44","guid":{"rendered":"http:\/\/www.ceramictiles.com\/srbija\/product\/pamesa-yucatan-coto\/"},"modified":"2026-01-04T00:03:02","modified_gmt":"2026-01-04T00:03:02","slug":"pamesa-yucatan-coto","status":"publish","type":"product","link":"https:\/\/www.keramika.com\/srbija\/pamesa-yucatan-coto\/","title":{"rendered":"Pamesa Yucatan Coto"},"content":{"rendered":"<p>Plo\u010dice braon boje, su letos izuzetno tre\u017eene. Pamesa Yucatan Coto je proizvod iz \u0160panije te je izuzetno kvalitetna. 9 mm debljine je dovoljno za zahtevnije kupce. Veli\u010dina ove plo\u010dice je 60&#215;60 cm. Zbog ni\u017eih tro\u0161kova, online prodaje, Vi \u0107e te na na\u0161oj strani ove plo\u010de platiti samo 3199,3 RSD.<\/p>\n<p>Kliknite na ime serije za sve plo\u010dice u toj seriji: <a class=\"pdfcatal\" href=\"\/\/www.ceramictiles.com\/pdf\/pamesa\/catalogue_pamesa_yucatan.pdf\" onclick=\"recordOutboundLink(this, 'E-mail', 'Description PDF');return false;\">Pamesa Ceramica Yucatan<\/a><\/p>\n<p>Da bi naru\u010dili model iz PDF kataloga ove serije, molimo vas, da nas kontaktirate na: <a href=\"mailto:zo_mi@ceramictiles.com\" onclick=\"recordOutboundLink(this, 'E-mail', 'Description mail');return false;\">zo_mi@ceramictiles.com<\/a> ili nas pozovite na: For exact offer, PLS send us quantity and product you need with delivery address..<\/p>\n","protected":false},"excerpt":{"rendered":"<p>Plo\u010dice braon boje, su letos izuzetno tre\u017eene. Pamesa Yucatan Coto je proizvod iz \u0160panije te je izuzetno kvalitetna. 9 mm debljine je dovoljno za zahtevnije kupce. Veli\u010dina ove plo\u010dice je 60&#215;60 cm. Zbog ni\u017eih tro\u0161kova, online prodaje, Vi \u0107e te na na\u0161oj strani ove plo\u010de platiti samo 3199,3 RSD. Kliknite na ime serije za sve [&hellip;]<\/p>\n","protected":false},"featured_media":96526,"template":"","meta":[],"product_cat":[200,999107,999],"product_tag":[],"_links":{"self":[{"href":"https:\/\/www.keramika.com\/srbija\/wp-json\/wp\/v2\/product\/96525"}],"collection":[{"href":"https:\/\/www.keramika.com\/srbija\/wp-json\/wp\/v2\/product"}],"about":[{"href":"https:\/\/www.keramika.com\/srbija\/wp-json\/wp\/v2\/types\/product"}],"wp:featuredmedia":[{"embeddable":true,"href":"https:\/\/www.keramika.com\/srbija\/wp-json\/wp\/v2\/media\/96526"}],"wp:attachment":[{"href":"https:\/\/www.keramika.com\/srbija\/wp-json\/wp\/v2\/media?parent=96525"}],"wp:term":[{"taxonomy":"product_cat","embeddable":true,"href":"https:\/\/www.keramika.com\/srbija\/wp-json\/wp\/v2\/product_cat?post=96525"},{"taxonomy":"product_tag","embeddable":true,"href":"https:\/\/www.keramika.com\/srbija\/wp-json\/wp\/v2\/product_tag?post=96525"}],"curies":[{"name":"wp","href":"https:\/\/api.w.org\/{rel}","templated":true}]}}