{"id":96517,"date":"2017-07-02T13:21:22","date_gmt":"2017-07-02T13:21:22","guid":{"rendered":"http:\/\/www.ceramictiles.com\/srbija\/product\/pamesa-varna-siena\/"},"modified":"2026-01-04T00:03:01","modified_gmt":"2026-01-04T00:03:01","slug":"pamesa-varna-siena","status":"publish","type":"product","link":"https:\/\/www.keramika.com\/srbija\/pamesa-varna-siena\/","title":{"rendered":"Pamesa Varna Siena"},"content":{"rendered":"<p>Veli\u010dina plo\u010dice je 20&#215;60 cm i odli\u010dna je za razli\u010dite povr\u0161ine. 3999,7 RSD je redovna prodajna cena keramike, tu pa samo 3199,3 RSD. Pamesa Varna Siena dolazi iz \u0160panije, koja je poznata po vrlo visokoj kvaliteta keramike u svetu. U izboru plo\u010dica be\u017e boje, ne mo\u017eete pogre\u0161iti. Plo\u010dica je debela 9 mm, \u0161to je ubraja u tvrde plo\u010dice.<\/p>\n<p>Kliknite na ime serije za sve plo\u010dice u toj seriji: <a class=\"pdfcatal\" href=\"\/\/www.ceramictiles.com\/pdf\/pamesa\/catalogue_pamesa_varna.pdf\" onclick=\"recordOutboundLink(this, 'E-mail', 'Description PDF');return false;\">Pamesa Ceramica Varna<\/a><\/p>\n<p>Da bi naru\u010dili model iz PDF kataloga ove serije, molimo vas, da nas kontaktirate na: <a href=\"mailto:zo_mi@ceramictiles.com\" onclick=\"recordOutboundLink(this, 'E-mail', 'Description mail');return false;\">zo_mi@ceramictiles.com<\/a> ili nas pozovite na: For exact offer, PLS send us quantity and product you need with delivery address..<\/p>\n","protected":false},"excerpt":{"rendered":"<p>Veli\u010dina plo\u010dice je 20&#215;60 cm i odli\u010dna je za razli\u010dite povr\u0161ine. 3999,7 RSD je redovna prodajna cena keramike, tu pa samo 3199,3 RSD. Pamesa Varna Siena dolazi iz \u0160panije, koja je poznata po vrlo visokoj kvaliteta keramike u svetu. U izboru plo\u010dica be\u017e boje, ne mo\u017eete pogre\u0161iti. Plo\u010dica je debela 9 mm, \u0161to je ubraja [&hellip;]<\/p>\n","protected":false},"featured_media":96518,"template":"","meta":[],"product_cat":[200,999107,999],"product_tag":[],"_links":{"self":[{"href":"https:\/\/www.keramika.com\/srbija\/wp-json\/wp\/v2\/product\/96517"}],"collection":[{"href":"https:\/\/www.keramika.com\/srbija\/wp-json\/wp\/v2\/product"}],"about":[{"href":"https:\/\/www.keramika.com\/srbija\/wp-json\/wp\/v2\/types\/product"}],"wp:featuredmedia":[{"embeddable":true,"href":"https:\/\/www.keramika.com\/srbija\/wp-json\/wp\/v2\/media\/96518"}],"wp:attachment":[{"href":"https:\/\/www.keramika.com\/srbija\/wp-json\/wp\/v2\/media?parent=96517"}],"wp:term":[{"taxonomy":"product_cat","embeddable":true,"href":"https:\/\/www.keramika.com\/srbija\/wp-json\/wp\/v2\/product_cat?post=96517"},{"taxonomy":"product_tag","embeddable":true,"href":"https:\/\/www.keramika.com\/srbija\/wp-json\/wp\/v2\/product_tag?post=96517"}],"curies":[{"name":"wp","href":"https:\/\/api.w.org\/{rel}","templated":true}]}}