{"id":96513,"date":"2017-07-02T13:20:47","date_gmt":"2017-07-02T13:20:47","guid":{"rendered":"http:\/\/www.ceramictiles.com\/srbija\/product\/pamesa-termal-oxid\/"},"modified":"2026-01-04T00:03:01","modified_gmt":"2026-01-04T00:03:01","slug":"pamesa-termal-oxid","status":"publish","type":"product","link":"https:\/\/www.keramika.com\/srbija\/pamesa-termal-oxid\/","title":{"rendered":"Pamesa Termal Oxid"},"content":{"rendered":"<p>Plo\u010dica je debela 9 mm, \u0161to je ubraja u tvrde plo\u010dice. Plo\u010dice dolaze iz \u0160panije, koja je poznata po kvalitetnoj keramiki. Redovna cena, ovih plo\u010dica u maloprodaji je 3999,7 RSD. U na\u0161oj online trgovini, je mo\u017eete kupiti za 3199,3 RSD. Keramika je prekrasne sive boje. U koliko \u017eelite neku drugu boju, pozovite nas i mi \u0107emo proveriti kod proizvo\u0111a\u010da. Plo\u010dica na sliki je 30&#215;60 cm.<\/p>\n<p>Kliknite na ime serije za sve plo\u010dice u toj seriji: <a class=\"pdfcatal\" href=\"\/\/www.ceramictiles.com\/pdf\/pamesa\/catalogue_pamesa_termal.pdf\" onclick=\"recordOutboundLink(this, 'E-mail', 'Description PDF');return false;\">Pamesa Ceramica Termal<\/a><\/p>\n<p>Da bi naru\u010dili model iz PDF kataloga ove serije, molimo vas, da nas kontaktirate na: <a href=\"mailto:zo_mi@ceramictiles.com\" onclick=\"recordOutboundLink(this, 'E-mail', 'Description mail');return false;\">zo_mi@ceramictiles.com<\/a> ili nas pozovite na: For exact offer, PLS send us quantity and product you need with delivery address..<\/p>\n<p>Technical description: 31,6&#215;60<\/p>\n","protected":false},"excerpt":{"rendered":"<p>Plo\u010dica je debela 9 mm, \u0161to je ubraja u tvrde plo\u010dice. Plo\u010dice dolaze iz \u0160panije, koja je poznata po kvalitetnoj keramiki. Redovna cena, ovih plo\u010dica u maloprodaji je 3999,7 RSD. U na\u0161oj online trgovini, je mo\u017eete kupiti za 3199,3 RSD. Keramika je prekrasne sive boje. U koliko \u017eelite neku drugu boju, pozovite nas i mi [&hellip;]<\/p>\n","protected":false},"featured_media":96514,"template":"","meta":[],"product_cat":[200,999107,999],"product_tag":[],"_links":{"self":[{"href":"https:\/\/www.keramika.com\/srbija\/wp-json\/wp\/v2\/product\/96513"}],"collection":[{"href":"https:\/\/www.keramika.com\/srbija\/wp-json\/wp\/v2\/product"}],"about":[{"href":"https:\/\/www.keramika.com\/srbija\/wp-json\/wp\/v2\/types\/product"}],"wp:featuredmedia":[{"embeddable":true,"href":"https:\/\/www.keramika.com\/srbija\/wp-json\/wp\/v2\/media\/96514"}],"wp:attachment":[{"href":"https:\/\/www.keramika.com\/srbija\/wp-json\/wp\/v2\/media?parent=96513"}],"wp:term":[{"taxonomy":"product_cat","embeddable":true,"href":"https:\/\/www.keramika.com\/srbija\/wp-json\/wp\/v2\/product_cat?post=96513"},{"taxonomy":"product_tag","embeddable":true,"href":"https:\/\/www.keramika.com\/srbija\/wp-json\/wp\/v2\/product_tag?post=96513"}],"curies":[{"name":"wp","href":"https:\/\/api.w.org\/{rel}","templated":true}]}}