{"id":96503,"date":"2017-07-02T13:19:12","date_gmt":"2017-07-02T13:19:12","guid":{"rendered":"http:\/\/www.ceramictiles.com\/srbija\/product\/pamesa-monzon-marron\/"},"modified":"2026-01-04T00:02:59","modified_gmt":"2026-01-04T00:02:59","slug":"pamesa-monzon-marron","status":"publish","type":"product","link":"https:\/\/www.keramika.com\/srbija\/pamesa-monzon-marron\/","title":{"rendered":"Pamesa Monzon Marron"},"content":{"rendered":"<p>Ova plo\u010dica je debela 9 mm i zato je izuzetno izdr\u017eljiva. Dimenzije ovih plo\u010dica su 60&#215;60 cm. Plo\u010dice braon boje, su letos izuzetno tre\u017eene. Pamesa Monzon Marron je dostupna po vrlo povoljnim cenama 3199,3 RSD. Pamesa Monzon Marron dolazi iz \u0160panije, koja je poznata po vrlo visokoj kvaliteta keramike u svetu.<\/p>\n<p>Kliknite na ime serije za sve plo\u010dice u toj seriji: <a class=\"pdfcatal\" href=\"\/\/www.ceramictiles.com\/pdf\/pamesa\/catalogue_pamesa_monzon.pdf\" onclick=\"recordOutboundLink(this, 'E-mail', 'Description PDF');return false;\">Pamesa Ceramica Monzon<\/a><\/p>\n<p>Da bi naru\u010dili model iz PDF kataloga ove serije, molimo vas, da nas kontaktirate na: <a href=\"mailto:zo_mi@ceramictiles.com\" onclick=\"recordOutboundLink(this, 'E-mail', 'Description mail');return false;\">zo_mi@ceramictiles.com<\/a> ili nas pozovite na: For exact offer, PLS send us quantity and product you need with delivery address..<\/p>\n","protected":false},"excerpt":{"rendered":"<p>Ova plo\u010dica je debela 9 mm i zato je izuzetno izdr\u017eljiva. Dimenzije ovih plo\u010dica su 60&#215;60 cm. Plo\u010dice braon boje, su letos izuzetno tre\u017eene. Pamesa Monzon Marron je dostupna po vrlo povoljnim cenama 3199,3 RSD. Pamesa Monzon Marron dolazi iz \u0160panije, koja je poznata po vrlo visokoj kvaliteta keramike u svetu. Kliknite na ime serije [&hellip;]<\/p>\n","protected":false},"featured_media":96504,"template":"","meta":[],"product_cat":[200,999107,999],"product_tag":[],"_links":{"self":[{"href":"https:\/\/www.keramika.com\/srbija\/wp-json\/wp\/v2\/product\/96503"}],"collection":[{"href":"https:\/\/www.keramika.com\/srbija\/wp-json\/wp\/v2\/product"}],"about":[{"href":"https:\/\/www.keramika.com\/srbija\/wp-json\/wp\/v2\/types\/product"}],"wp:featuredmedia":[{"embeddable":true,"href":"https:\/\/www.keramika.com\/srbija\/wp-json\/wp\/v2\/media\/96504"}],"wp:attachment":[{"href":"https:\/\/www.keramika.com\/srbija\/wp-json\/wp\/v2\/media?parent=96503"}],"wp:term":[{"taxonomy":"product_cat","embeddable":true,"href":"https:\/\/www.keramika.com\/srbija\/wp-json\/wp\/v2\/product_cat?post=96503"},{"taxonomy":"product_tag","embeddable":true,"href":"https:\/\/www.keramika.com\/srbija\/wp-json\/wp\/v2\/product_tag?post=96503"}],"curies":[{"name":"wp","href":"https:\/\/api.w.org\/{rel}","templated":true}]}}