{"id":96477,"date":"2017-07-02T13:15:04","date_gmt":"2017-07-02T13:15:04","guid":{"rendered":"http:\/\/www.ceramictiles.com\/srbija\/product\/pamesa-diana-marfil\/"},"modified":"2026-01-04T00:02:57","modified_gmt":"2026-01-04T00:02:57","slug":"pamesa-diana-marfil","status":"publish","type":"product","link":"https:\/\/www.keramika.com\/srbija\/pamesa-diana-marfil\/","title":{"rendered":"Pamesa Diana Marfil"},"content":{"rendered":"<p>Veli\u010dina plo\u010dice je 60&#215;60 cm i odli\u010dna je za razli\u010dite povr\u0161ine. Redovna cena, ovih plo\u010dica u maloprodaji je 3999,7 RSD. U na\u0161oj online trgovini, je mo\u017eete kupiti za 3199,3 RSD. Plo\u010dice be\u017e boje, su letos izuzetno tre\u017eene. Pamesa Diana Marfil dolazi iz \u0160panije, koja je poznata po vrlo visokoj kvaliteta keramike u svetu. Debljina plo\u010dice, je vrlo va\u017ena 9 mm i ubraja tu plo\u010dicu me\u0111u najkvalitetnije.<\/p>\n<p>Kliknite na ime serije za sve plo\u010dice u toj seriji: <a class=\"pdfcatal\" href=\"\/\/www.ceramictiles.com\/pdf\/pamesa\/catalogue_pamesa_diana.pdf\" onclick=\"recordOutboundLink(this, 'E-mail', 'Description PDF');return false;\">Pamesa Ceramica Diana<\/a><\/p>\n<p>Da bi naru\u010dili model iz PDF kataloga ove serije, molimo vas, da nas kontaktirate na: <a href=\"mailto:zo_mi@ceramictiles.com\" onclick=\"recordOutboundLink(this, 'E-mail', 'Description mail');return false;\">zo_mi@ceramictiles.com<\/a> ili nas pozovite na: For exact offer, PLS send us quantity and product you need with delivery address..<\/p>\n","protected":false},"excerpt":{"rendered":"<p>Veli\u010dina plo\u010dice je 60&#215;60 cm i odli\u010dna je za razli\u010dite povr\u0161ine. Redovna cena, ovih plo\u010dica u maloprodaji je 3999,7 RSD. U na\u0161oj online trgovini, je mo\u017eete kupiti za 3199,3 RSD. Plo\u010dice be\u017e boje, su letos izuzetno tre\u017eene. Pamesa Diana Marfil dolazi iz \u0160panije, koja je poznata po vrlo visokoj kvaliteta keramike u svetu. Debljina plo\u010dice, [&hellip;]<\/p>\n","protected":false},"featured_media":96478,"template":"","meta":[],"product_cat":[200,999107,999],"product_tag":[],"_links":{"self":[{"href":"https:\/\/www.keramika.com\/srbija\/wp-json\/wp\/v2\/product\/96477"}],"collection":[{"href":"https:\/\/www.keramika.com\/srbija\/wp-json\/wp\/v2\/product"}],"about":[{"href":"https:\/\/www.keramika.com\/srbija\/wp-json\/wp\/v2\/types\/product"}],"wp:featuredmedia":[{"embeddable":true,"href":"https:\/\/www.keramika.com\/srbija\/wp-json\/wp\/v2\/media\/96478"}],"wp:attachment":[{"href":"https:\/\/www.keramika.com\/srbija\/wp-json\/wp\/v2\/media?parent=96477"}],"wp:term":[{"taxonomy":"product_cat","embeddable":true,"href":"https:\/\/www.keramika.com\/srbija\/wp-json\/wp\/v2\/product_cat?post=96477"},{"taxonomy":"product_tag","embeddable":true,"href":"https:\/\/www.keramika.com\/srbija\/wp-json\/wp\/v2\/product_tag?post=96477"}],"curies":[{"name":"wp","href":"https:\/\/api.w.org\/{rel}","templated":true}]}}