{"id":96467,"date":"2017-07-02T13:12:15","date_gmt":"2017-07-02T13:12:15","guid":{"rendered":"http:\/\/www.ceramictiles.com\/srbija\/product\/pamesa-thule-rlv-3d-mix\/"},"modified":"2026-01-04T00:02:56","modified_gmt":"2026-01-04T00:02:56","slug":"pamesa-thule-rlv-3d-mix","status":"publish","type":"product","link":"https:\/\/www.keramika.com\/srbija\/pamesa-thule-rlv-3d-mix\/","title":{"rendered":"Pamesa Thule Rlv 3D Mix"},"content":{"rendered":"<p>U maloprodaji bi morali za tu plo\u010dicu platiti 4341,25 RSD, online cena je samo 3473 RSD. 9 mm debljina \u0107e zadovoljiti i najzahtevnije kupce. Veli\u010dina ove plo\u010dice je 31,6&#215;45 cm. Ta kolekcija, model plo\u010dice, se prodaje najvi\u0161e be\u017e boje. Pamesa Thule Rlv 3D Mix je proizvod iz \u0160panije te je izuzetno kvalitetna.<\/p>\n<p>Kliknite na ime serije za sve plo\u010dice u toj seriji: <a class=\"pdfcatal\" href=\"\/\/www.ceramictiles.com\/pdf\/pamesa\/catalogue_pamesa_thule_rlv.pdf\" onclick=\"recordOutboundLink(this, 'E-mail', 'Description PDF');return false;\">Pamesa Ceramica Thule Rlv<\/a><\/p>\n<p>Da bi naru\u010dili model iz PDF kataloga ove serije, molimo vas, da nas kontaktirate na: <a href=\"mailto:zo_mi@ceramictiles.com\" onclick=\"recordOutboundLink(this, 'E-mail', 'Description mail');return false;\">zo_mi@ceramictiles.com<\/a> ili nas pozovite na: For exact offer, PLS send us quantity and product you need with delivery address..<\/p>\n<p>Technical description: 31,6&#215;45,2<\/p>\n","protected":false},"excerpt":{"rendered":"<p>U maloprodaji bi morali za tu plo\u010dicu platiti 4341,25 RSD, online cena je samo 3473 RSD. 9 mm debljina \u0107e zadovoljiti i najzahtevnije kupce. Veli\u010dina ove plo\u010dice je 31,6&#215;45 cm. Ta kolekcija, model plo\u010dice, se prodaje najvi\u0161e be\u017e boje. Pamesa Thule Rlv 3D Mix je proizvod iz \u0160panije te je izuzetno kvalitetna. Kliknite na ime [&hellip;]<\/p>\n","protected":false},"featured_media":96468,"template":"","meta":[],"product_cat":[200,999107,999],"product_tag":[99950088],"_links":{"self":[{"href":"https:\/\/www.keramika.com\/srbija\/wp-json\/wp\/v2\/product\/96467"}],"collection":[{"href":"https:\/\/www.keramika.com\/srbija\/wp-json\/wp\/v2\/product"}],"about":[{"href":"https:\/\/www.keramika.com\/srbija\/wp-json\/wp\/v2\/types\/product"}],"wp:featuredmedia":[{"embeddable":true,"href":"https:\/\/www.keramika.com\/srbija\/wp-json\/wp\/v2\/media\/96468"}],"wp:attachment":[{"href":"https:\/\/www.keramika.com\/srbija\/wp-json\/wp\/v2\/media?parent=96467"}],"wp:term":[{"taxonomy":"product_cat","embeddable":true,"href":"https:\/\/www.keramika.com\/srbija\/wp-json\/wp\/v2\/product_cat?post=96467"},{"taxonomy":"product_tag","embeddable":true,"href":"https:\/\/www.keramika.com\/srbija\/wp-json\/wp\/v2\/product_tag?post=96467"}],"curies":[{"name":"wp","href":"https:\/\/api.w.org\/{rel}","templated":true}]}}