{"id":96461,"date":"2017-07-02T13:11:15","date_gmt":"2017-07-02T13:11:15","guid":{"rendered":"http:\/\/www.ceramictiles.com\/srbija\/product\/pamesa-vertou-malva\/"},"modified":"2026-01-04T00:02:55","modified_gmt":"2026-01-04T00:02:55","slug":"pamesa-vertou-malva","status":"publish","type":"product","link":"https:\/\/www.keramika.com\/srbija\/pamesa-vertou-malva\/","title":{"rendered":"Pamesa Vertou Malva"},"content":{"rendered":"<p>9 mm debljine je dovoljno za zahtevnije kupce. Online cena je samo 3613,3 RSD, dok redovna, maloprodajna cena 4517,2 RSD. Plo\u010dice ljubi\u010daste boje, su letos izuzetno tre\u017eene. Dimenzije ovih plo\u010dica su 21,8&#215;89,3 cm. Pamesa Vertou Malva je proizvod iz \u0160panije te je izuzetno kvalitetna.<\/p>\n<p>Kliknite na ime serije za sve plo\u010dice u toj seriji: <a class=\"pdfcatal\" href=\"\/\/www.ceramictiles.com\/pdf\/pamesa\/catalogue_pamesa_vertou.pdf\" onclick=\"recordOutboundLink(this, 'E-mail', 'Description PDF');return false;\">Pamesa Ceramica Vertou<\/a><\/p>\n<p>Da bi naru\u010dili model iz PDF kataloga ove serije, molimo vas, da nas kontaktirate na: <a href=\"mailto:zo_mi@ceramictiles.com\" onclick=\"recordOutboundLink(this, 'E-mail', 'Description mail');return false;\">zo_mi@ceramictiles.com<\/a> ili nas pozovite na: For exact offer, PLS send us quantity and product you need with delivery address..<\/p>\n<p>Technical description: 22&#215;85<\/p>\n","protected":false},"excerpt":{"rendered":"<p>9 mm debljine je dovoljno za zahtevnije kupce. Online cena je samo 3613,3 RSD, dok redovna, maloprodajna cena 4517,2 RSD. Plo\u010dice ljubi\u010daste boje, su letos izuzetno tre\u017eene. Dimenzije ovih plo\u010dica su 21,8&#215;89,3 cm. Pamesa Vertou Malva je proizvod iz \u0160panije te je izuzetno kvalitetna. Kliknite na ime serije za sve plo\u010dice u toj seriji: Pamesa [&hellip;]<\/p>\n","protected":false},"featured_media":96462,"template":"","meta":[],"product_cat":[200,999107,999],"product_tag":[],"_links":{"self":[{"href":"https:\/\/www.keramika.com\/srbija\/wp-json\/wp\/v2\/product\/96461"}],"collection":[{"href":"https:\/\/www.keramika.com\/srbija\/wp-json\/wp\/v2\/product"}],"about":[{"href":"https:\/\/www.keramika.com\/srbija\/wp-json\/wp\/v2\/types\/product"}],"wp:featuredmedia":[{"embeddable":true,"href":"https:\/\/www.keramika.com\/srbija\/wp-json\/wp\/v2\/media\/96462"}],"wp:attachment":[{"href":"https:\/\/www.keramika.com\/srbija\/wp-json\/wp\/v2\/media?parent=96461"}],"wp:term":[{"taxonomy":"product_cat","embeddable":true,"href":"https:\/\/www.keramika.com\/srbija\/wp-json\/wp\/v2\/product_cat?post=96461"},{"taxonomy":"product_tag","embeddable":true,"href":"https:\/\/www.keramika.com\/srbija\/wp-json\/wp\/v2\/product_tag?post=96461"}],"curies":[{"name":"wp","href":"https:\/\/api.w.org\/{rel}","templated":true}]}}