{"id":96459,"date":"2017-07-02T13:10:57","date_gmt":"2017-07-02T13:10:57","guid":{"rendered":"http:\/\/www.ceramictiles.com\/srbija\/product\/pamesa-velia-relieve-2-amarengo\/"},"modified":"2026-01-04T00:02:55","modified_gmt":"2026-01-04T00:02:55","slug":"pamesa-velia-relieve-2-amarengo","status":"publish","type":"product","link":"https:\/\/www.keramika.com\/srbija\/pamesa-velia-relieve-2-amarengo\/","title":{"rendered":"Pamesa Velia Relieve 2 Amarengo"},"content":{"rendered":"<p>Online cena je samo 3613,3 RSD, dok redovna, maloprodajna cena 4517,2 RSD. Ova plo\u010dica je debela 9 mm i zato je izuzetno izdr\u017eljiva. Ove plo\u010dice dolaze od proizvo\u0111a\u010da Pamesa Ceramica, iz \u0160panije. \u0160irina i du\u017eina plo\u010dice su 20&#215;45,2 cm. Plo\u010dice sive boje, su letos izuzetno tre\u017eene.<\/p>\n<p>Kliknite na ime serije za sve plo\u010dice u toj seriji: <a class=\"pdfcatal\" href=\"\/\/www.ceramictiles.com\/pdf\/pamesa\/catalogue_pamesa_velia_rlv.pdf\" onclick=\"recordOutboundLink(this, 'E-mail', 'Description PDF');return false;\">Pamesa Ceramica Velia Rlv<\/a><\/p>\n<p>Da bi naru\u010dili model iz PDF kataloga ove serije, molimo vas, da nas kontaktirate na: <a href=\"mailto:zo_mi@ceramictiles.com\" onclick=\"recordOutboundLink(this, 'E-mail', 'Description mail');return false;\">zo_mi@ceramictiles.com<\/a> ili nas pozovite na: For exact offer, PLS send us quantity and product you need with delivery address..<\/p>\n","protected":false},"excerpt":{"rendered":"<p>Online cena je samo 3613,3 RSD, dok redovna, maloprodajna cena 4517,2 RSD. Ova plo\u010dica je debela 9 mm i zato je izuzetno izdr\u017eljiva. Ove plo\u010dice dolaze od proizvo\u0111a\u010da Pamesa Ceramica, iz \u0160panije. \u0160irina i du\u017eina plo\u010dice su 20&#215;45,2 cm. Plo\u010dice sive boje, su letos izuzetno tre\u017eene. Kliknite na ime serije za sve plo\u010dice u toj [&hellip;]<\/p>\n","protected":false},"featured_media":96460,"template":"","meta":[],"product_cat":[200,999107,999],"product_tag":[],"_links":{"self":[{"href":"https:\/\/www.keramika.com\/srbija\/wp-json\/wp\/v2\/product\/96459"}],"collection":[{"href":"https:\/\/www.keramika.com\/srbija\/wp-json\/wp\/v2\/product"}],"about":[{"href":"https:\/\/www.keramika.com\/srbija\/wp-json\/wp\/v2\/types\/product"}],"wp:featuredmedia":[{"embeddable":true,"href":"https:\/\/www.keramika.com\/srbija\/wp-json\/wp\/v2\/media\/96460"}],"wp:attachment":[{"href":"https:\/\/www.keramika.com\/srbija\/wp-json\/wp\/v2\/media?parent=96459"}],"wp:term":[{"taxonomy":"product_cat","embeddable":true,"href":"https:\/\/www.keramika.com\/srbija\/wp-json\/wp\/v2\/product_cat?post=96459"},{"taxonomy":"product_tag","embeddable":true,"href":"https:\/\/www.keramika.com\/srbija\/wp-json\/wp\/v2\/product_tag?post=96459"}],"curies":[{"name":"wp","href":"https:\/\/api.w.org\/{rel}","templated":true}]}}