{"id":96437,"date":"2017-07-02T13:07:33","date_gmt":"2017-07-02T13:07:33","guid":{"rendered":"http:\/\/www.ceramictiles.com\/srbija\/product\/pamesa-orion-blanco-brillo\/"},"modified":"2026-01-04T00:02:53","modified_gmt":"2026-01-04T00:02:53","slug":"pamesa-orion-blanco-brillo","status":"publish","type":"product","link":"https:\/\/www.keramika.com\/srbija\/pamesa-orion-blanco-brillo\/","title":{"rendered":"Pamesa Orion Blanco Brillo"},"content":{"rendered":"<p>4682,8 RSD je redovna prodajna cena keramike, tu pa samo 3746,7 RSD. Keramika je prekrasne bele boje. U koliko \u017eelite neku drugu boju, pozovite nas i mi \u0107emo proveriti kod proizvo\u0111a\u010da. Plo\u010dica na sliki je 30&#215;60 cm. 9 mm debljina \u0107e zadovoljiti i najzahtevnije kupce. Proizvodnja \u0160panije ,koja je poznata u svetu, kao jedana od najboljih proizvo\u0111a\u010da kerami\u010dkih plo\u010dica.<\/p>\n<p>Kliknite na ime serije za sve plo\u010dice u toj seriji: <a class=\"pdfcatal\" href=\"\/\/www.ceramictiles.com\/pdf\/pamesa\/catalogue_pamesa_orion.pdf\" onclick=\"recordOutboundLink(this, 'E-mail', 'Description PDF');return false;\">Pamesa Ceramica Orion<\/a><\/p>\n<p>Da bi naru\u010dili model iz PDF kataloga ove serije, molimo vas, da nas kontaktirate na: <a href=\"mailto:zo_mi@ceramictiles.com\" onclick=\"recordOutboundLink(this, 'E-mail', 'Description mail');return false;\">zo_mi@ceramictiles.com<\/a> ili nas pozovite na: For exact offer, PLS send us quantity and product you need with delivery address..<\/p>\n<p>Technical description: 30,3&#215;61,3<\/p>\n","protected":false},"excerpt":{"rendered":"<p>4682,8 RSD je redovna prodajna cena keramike, tu pa samo 3746,7 RSD. Keramika je prekrasne bele boje. U koliko \u017eelite neku drugu boju, pozovite nas i mi \u0107emo proveriti kod proizvo\u0111a\u010da. Plo\u010dica na sliki je 30&#215;60 cm. 9 mm debljina \u0107e zadovoljiti i najzahtevnije kupce. Proizvodnja \u0160panije ,koja je poznata u svetu, kao jedana od [&hellip;]<\/p>\n","protected":false},"featured_media":96438,"template":"","meta":[],"product_cat":[200,999107,999],"product_tag":[],"_links":{"self":[{"href":"https:\/\/www.keramika.com\/srbija\/wp-json\/wp\/v2\/product\/96437"}],"collection":[{"href":"https:\/\/www.keramika.com\/srbija\/wp-json\/wp\/v2\/product"}],"about":[{"href":"https:\/\/www.keramika.com\/srbija\/wp-json\/wp\/v2\/types\/product"}],"wp:featuredmedia":[{"embeddable":true,"href":"https:\/\/www.keramika.com\/srbija\/wp-json\/wp\/v2\/media\/96438"}],"wp:attachment":[{"href":"https:\/\/www.keramika.com\/srbija\/wp-json\/wp\/v2\/media?parent=96437"}],"wp:term":[{"taxonomy":"product_cat","embeddable":true,"href":"https:\/\/www.keramika.com\/srbija\/wp-json\/wp\/v2\/product_cat?post=96437"},{"taxonomy":"product_tag","embeddable":true,"href":"https:\/\/www.keramika.com\/srbija\/wp-json\/wp\/v2\/product_tag?post=96437"}],"curies":[{"name":"wp","href":"https:\/\/api.w.org\/{rel}","templated":true}]}}