{"id":96433,"date":"2017-07-02T13:06:56","date_gmt":"2017-07-02T13:06:56","guid":{"rendered":"http:\/\/www.ceramictiles.com\/srbija\/product\/pamesa-cube-burdeos\/"},"modified":"2026-01-04T00:02:53","modified_gmt":"2026-01-04T00:02:53","slug":"pamesa-cube-burdeos","status":"publish","type":"product","link":"https:\/\/www.keramika.com\/srbija\/pamesa-cube-burdeos\/","title":{"rendered":"Pamesa Cube Burdeos"},"content":{"rendered":"<p>Redovna cena, ovih plo\u010dica u maloprodaji je 4682,8 RSD. U na\u0161oj online trgovini, je mo\u017eete kupiti za 3746,7 RSD. Plo\u010dice crvene boje osvje\u017eit \u0107e svaki prostor. Dimenzije ovih plo\u010dica su 20&#215;30 cm. 9 mm debljine je dovoljno za zahtevnije kupce. Pamesa Cube Burdeos dolazi iz \u0160panije, koja je poznata po vrlo visokoj kvaliteta keramike u svetu.<\/p>\n<p>Kliknite na ime serije za sve plo\u010dice u toj seriji: <a class=\"pdfcatal\" href=\"\/\/www.ceramictiles.com\/pdf\/pamesa\/catalogue_pamesa_cube.pdf\" onclick=\"recordOutboundLink(this, 'E-mail', 'Description PDF');return false;\">Pamesa Ceramica Cube<\/a><\/p>\n<p>Da bi naru\u010dili model iz PDF kataloga ove serije, molimo vas, da nas kontaktirate na: <a href=\"mailto:zo_mi@ceramictiles.com\" onclick=\"recordOutboundLink(this, 'E-mail', 'Description mail');return false;\">zo_mi@ceramictiles.com<\/a> ili nas pozovite na: For exact offer, PLS send us quantity and product you need with delivery address..<\/p>\n","protected":false},"excerpt":{"rendered":"<p>Redovna cena, ovih plo\u010dica u maloprodaji je 4682,8 RSD. U na\u0161oj online trgovini, je mo\u017eete kupiti za 3746,7 RSD. Plo\u010dice crvene boje osvje\u017eit \u0107e svaki prostor. Dimenzije ovih plo\u010dica su 20&#215;30 cm. 9 mm debljine je dovoljno za zahtevnije kupce. Pamesa Cube Burdeos dolazi iz \u0160panije, koja je poznata po vrlo visokoj kvaliteta keramike u [&hellip;]<\/p>\n","protected":false},"featured_media":96434,"template":"","meta":[],"product_cat":[200,999107,999],"product_tag":[],"_links":{"self":[{"href":"https:\/\/www.keramika.com\/srbija\/wp-json\/wp\/v2\/product\/96433"}],"collection":[{"href":"https:\/\/www.keramika.com\/srbija\/wp-json\/wp\/v2\/product"}],"about":[{"href":"https:\/\/www.keramika.com\/srbija\/wp-json\/wp\/v2\/types\/product"}],"wp:featuredmedia":[{"embeddable":true,"href":"https:\/\/www.keramika.com\/srbija\/wp-json\/wp\/v2\/media\/96434"}],"wp:attachment":[{"href":"https:\/\/www.keramika.com\/srbija\/wp-json\/wp\/v2\/media?parent=96433"}],"wp:term":[{"taxonomy":"product_cat","embeddable":true,"href":"https:\/\/www.keramika.com\/srbija\/wp-json\/wp\/v2\/product_cat?post=96433"},{"taxonomy":"product_tag","embeddable":true,"href":"https:\/\/www.keramika.com\/srbija\/wp-json\/wp\/v2\/product_tag?post=96433"}],"curies":[{"name":"wp","href":"https:\/\/api.w.org\/{rel}","templated":true}]}}